                                                 {"id":1197,"date":"2021-08-01T20:29:02","date_gmt":"2021-08-01T17:29:02","guid":{"rendered":"https:\/\/www.pshy.fi\/?page_id=1197"},"modified":"2021-08-03T10:26:46","modified_gmt":"2021-08-03T07:26:46","slug":"jasenrekisterin-tietosuojaseloste","status":"publish","type":"page","link":"https:\/\/www.pshy.fi\/?page_id=1197","title":{"rendered":"J\u00e4senrekisterin tietosuojaseloste"},"content":{"rendered":"\n<p>&nbsp;&nbsp;&nbsp;&nbsp;&nbsp;&nbsp;&nbsp;&nbsp;&nbsp;&nbsp;&nbsp;&nbsp;&nbsp;&nbsp;&nbsp;&nbsp;&nbsp;&nbsp;&nbsp;&nbsp;&nbsp;&nbsp;&nbsp;&nbsp;&nbsp;&nbsp;&nbsp;&nbsp;&nbsp;&nbsp;&nbsp;&nbsp;&nbsp;&nbsp;&nbsp;&nbsp;&nbsp;&nbsp;&nbsp;&nbsp;<\/p>\n\n\n\n<figure class=\"wp-block-table\"><table><tbody><tr><td><strong>Rekisterinpit\u00e4j\u00e4<\/strong><\/td><td>Pohjois-Suomen Historiallinen Yhdistys ry.<\/td><\/tr><tr><td><strong>Yhteyshenkil\u00f6 rekisteri\u00e4 koskevissa asioissa<\/strong><\/td><td>Matti M\u00e4ntyl\u00e4<\/td><\/tr><tr><td><strong>Osoite Pohjois-Suomen Historiallinen Yhdistys ry, c\/o HuTK\/Historia, PL 1000, 90014 Oulun yliopisto<\/strong><\/td><\/tr><tr><td><strong>Muut yhteystiedot matti.mantyla (at) oulu.fi<\/strong><\/td><\/tr><tr><td><strong>Rekisterin nimi<\/strong><\/td><td>Pohjois-Suomen Historiallinen Yhdistys ry:n j\u00e4senrekisteri<\/td><\/tr><tr><td><strong>Henkil\u00f6tietojen k\u00e4sittelyn tarkoitus<\/strong><\/td><td>Henkil\u00f6tietojen k\u00e4sittelyn perusteena on yhdistyslain (503\/1989) 3 luvun 11 \u00a7:n (8.5.2020\/336) mukainen velvoite pit\u00e4\u00e4 yll\u00e4 j\u00e4senluetteloa. Henkil\u00f6tietojen k\u00e4sittelyn tarkoitus on yhdistyksen j\u00e4senyyden hoitaminen ja yhteydenpito j\u00e4seniin.<\/td><\/tr><tr><td><strong>Rekisterin tietosis\u00e4lt\u00f6<\/strong><\/td><td>Rekisteriin merkit\u00e4\u00e4n vain yhdistyksen toiminnan kannalta tarpeelliset tiedot, jotka j\u00e4sen on ilmoittanut j\u00e4seneksi liittyess\u00e4\u00e4n tai my\u00f6hemmin yhdistyksen sihteerille, joka on yhteyshenkil\u00f6 rekisteri\u00e4 koskevissa asioissa. \u00a0 Rekisteriin ker\u00e4t\u00e4\u00e4n j\u00e4senist\u00e4 seuraavia tietoja: henkil\u00f6n nimi, posti- ja s\u00e4hk\u00f6postiosoite, j\u00e4senyyden tyyppi, j\u00e4senmaksua koskevat tiedot ja julkaisujen jatkuvaa tilausta koskevat tiedot. Rekisteriin merkityt tiedot poistetaan viivytyksett\u00e4 rekister\u00f6idyn erotessa yhdistyksen j\u00e4senyydest\u00e4.<\/td><\/tr><tr><td><strong>Tietojen luovutukset ja tietojen siirto EU:n tai ETA:n ulkopuolelle<\/strong><\/td><td>Rekisteriin tallennetuista tiedoista j\u00e4senten nimi- ja osoitetietoja luovutetaan henkil\u00f6lle, jonka yhdistys on rekrytoinut hoitamaan yhdistyksen postitusta. Muutoin tietoja ei luovuteta yhdistyksen ulkopuolelle, ei my\u00f6sk\u00e4\u00e4n EU-alueen tai ETA:n ulkopuolelle.<\/td><\/tr><tr><td><strong>Rekisterin suojauksen periaatteet<\/strong><\/td><td>Manuaalinen aineisto: ei manuaalista aineistoa. \u00a0 S\u00e4hk\u00f6inen aineisto: s\u00e4hk\u00f6inen j\u00e4senrekisteri sijaitsee Oulun yliopiston palvelimella sihteerin henkil\u00f6kohtaisessa kotihakemistossa sek\u00e4 sihteerin omistamalla tietokoneella k\u00e4ytt\u00e4j\u00e4tunnuksen ja salasanan takana. J\u00e4senrekisteri\u00e4 k\u00e4ytt\u00e4\u00e4 sihteeri, joka luovuttaa sen tietoja tarvittaessa ainoastaan rahastonhoitajalle ja postituksia hoitavalle yhdistyksen rekrytoimalle henkil\u00f6lle.<\/td><\/tr><tr><td><strong>Rekister\u00f6idyn oikeudet<\/strong><\/td><td>Rekister\u00f6idyll\u00e4 on oikeus tarkastaa itsest\u00e4\u00e4n ker\u00e4tyt tiedot sek\u00e4 pyyt\u00e4\u00e4 rekisterinpit\u00e4j\u00e4\u00e4 korjaamaan virheelliset tietonsa. Pyynt\u00f6 l\u00e4hetet\u00e4\u00e4n s\u00e4hk\u00f6postitse tai kirjallisesti yhteyshenkil\u00f6lle. &nbsp; Rekister\u00f6idyll\u00e4 on EU:n yleisen tietosuoja-asetuksen (2016\/679) artiklojen 15\u201322 mukainen oikeus saada l\u00e4pin\u00e4kyv\u00e4\u00e4 informaatiota henkil\u00f6tietojen k\u00e4sittelyst\u00e4, oikeus saada p\u00e4\u00e4sy tietoihin, oikeus tietojen oikaisemiseen, oikeus tulla unohdetuksi, oikeus k\u00e4sittelyn rajoittamiseen, oikeus siirt\u00e4\u00e4 tiedot j\u00e4rjestelm\u00e4st\u00e4 toiseen, vastustamisoikeus, oikeus olla joutumatta automaattisen p\u00e4\u00e4t\u00f6ksenteon kohteeksi ja oikeus k\u00e4\u00e4nty\u00e4 tarvittaessa toimivaltaisen viranomaisen puoleen.<\/td><\/tr><\/tbody><\/table><figcaption>5.7.2021<\/figcaption><\/figure>\n","protected":false},"excerpt":{"rendered":"<p>&nbsp;&nbsp;&nbsp;&nbsp;&nbsp;&nbsp;&nbsp;&nbsp;&nbsp;&nbsp;&nbsp;&nbsp;&nbsp;&nbsp;&nbsp;&nbsp;&nbsp;&nbsp;&nbsp;&nbsp;&nbsp;&nbsp;&nbsp;&nbsp;&nbsp;&nbsp;&nbsp;&nbsp;&nbsp;&nbsp;&nbsp;&nbsp;&nbsp;&nbsp;&nbsp;&nbsp;&nbsp;&nbsp;&nbsp;&nbsp; Rekisterinpit\u00e4j\u00e4 Pohjois-Suomen Historiallinen Yhdistys ry. Yhteyshenkil\u00f6 rekisteri\u00e4 koskevissa asioissa Matti M\u00e4ntyl\u00e4 Osoite Pohjois-Suomen Historiallinen Yhdistys ry, c\/o HuTK\/Historia, PL 1000, 90014<\/p>\n<p class=\"link-more\"><a class=\"myButt \" href=\"https:\/\/www.pshy.fi\/?page_id=1197\">Read More<\/a><\/p>\n","protected":false},"author":36,"featured_media":0,"parent":0,"menu_order":0,"comment_status":"closed","ping_status":"closed","template":"","meta":{"footnotes":""},"class_list":["post-1197","page","type-page","status-publish","hentry"],"_links":{"self":[{"href":"https:\/\/www.pshy.fi\/index.php?rest_route=\/wp\/v2\/pages\/1197","targetHints":{"allow":["GET"]}}],"collection":[{"href":"https:\/\/www.pshy.fi\/index.php?rest_route=\/wp\/v2\/pages"}],"about":[{"href":"https:\/\/www.pshy.fi\/index.php?rest_route=\/wp\/v2\/types\/page"}],"author":[{"embeddable":true,"href":"https:\/\/www.pshy.fi\/index.php?rest_route=\/wp\/v2\/users\/36"}],"replies":[{"embeddable":true,"href":"https:\/\/www.pshy.fi\/index.php?rest_route=%2Fwp%2Fv2%2Fcomments&post=1197"}],"version-history":[{"count":6,"href":"https:\/\/www.pshy.fi\/index.php?rest_route=\/wp\/v2\/pages\/1197\/revisions"}],"predecessor-version":[{"id":1240,"href":"https:\/\/www.pshy.fi\/index.php?rest_route=\/wp\/v2\/pages\/1197\/revisions\/1240"}],"wp:attachment":[{"href":"https:\/\/www.pshy.fi\/index.php?rest_route=%2Fwp%2Fv2%2Fmedia&parent=1197"}],"curies":[{"name":"wp","href":"https:\/\/api.w.org\/{rel}","templated":true}]}}