                                                 {"id":1271,"date":"2021-08-06T14:01:59","date_gmt":"2021-08-06T11:01:59","guid":{"rendered":"https:\/\/www.pshy.fi\/?page_id=1271"},"modified":"2021-10-04T17:33:07","modified_gmt":"2021-10-04T14:33:07","slug":"jasenrekisterin-ja-verkkokaupan-tietosuojaselosteet","status":"publish","type":"page","link":"https:\/\/www.pshy.fi\/?page_id=1271","title":{"rendered":""},"content":{"rendered":"<style>.wp-block-kadence-advancedheading.kt-adv-heading_bfea10-fe, .wp-block-kadence-advancedheading.kt-adv-heading_bfea10-fe[data-kb-block=\"kb-adv-heading_bfea10-fe\"]{font-weight:700;font-style:normal;font-family:'Alegreya SC';letter-spacing:0px;}.wp-block-kadence-advancedheading.kt-adv-heading_bfea10-fe mark, .wp-block-kadence-advancedheading.kt-adv-heading_bfea10-fe[data-kb-block=\"kb-adv-heading_bfea10-fe\"] mark{font-style:normal;color:#f76a0c;padding-top:0px;padding-right:0px;padding-bottom:0px;padding-left:0px;}@media all and (max-width: 767px){.wp-block-kadence-advancedheading.kt-adv-heading_bfea10-fe, .wp-block-kadence-advancedheading.kt-adv-heading_bfea10-fe[data-kb-block=\"kb-adv-heading_bfea10-fe\"]{font-size:28px;}}<\/style>\n<h1 class=\"kt-adv-heading_bfea10-fe wp-block-kadence-advancedheading\" data-kb-block=\"kb-adv-heading_bfea10-fe\">J\u00e4senrekisterin ja verkkokaupan tietosuojaselosteet<\/h1>\n\n\n\n<p><strong>\u00a0\u00a0<\/strong>\u00a0\u00a0\u00a0\u00a0\u00a0\u00a0\u00a0\u00a0\u00a0\u00a0\u00a0\u00a0\u00a0\u00a0\u00a0\u00a0\u00a0\u00a0\u00a0\u00a0\u00a0\u00a0\u00a0\u00a0\u00a0\u00a0\u00a0\u00a0\u00a0\u00a0\u00a0\u00a0\u00a0\u00a0\u00a0\u00a0\u00a0\u00a0\u00a0\u00a0\u00a0\u00a0\u00a0\u00a0\u00a0\u00a0\u00a0\u00a0\u00a0\u00a0\u00a0\u00a0\u00a0\u00a0\u00a0\u00a0\u00a0\u00a0\u00a0\u00a0\u00a0\u00a0\u00a0\u00a0\u00a0\u00a0\u00a0\u00a0 \u00a0\u00a0\u00a0\u00a0\u00a0\u00a0\u00a0\u00a0\u00a0\u00a0\u00a0\u00a0\u00a0\u00a0\u00a0\u00a0\u00a0\u00a0\u00a0\u00a0\u00a0\u00a0\u00a0<\/p>\n\n\n<style>.wp-block-kadence-advancedheading.kt-adv-heading_78dc8e-17, .wp-block-kadence-advancedheading.kt-adv-heading_78dc8e-17[data-kb-block=\"kb-adv-heading_78dc8e-17\"]{font-style:normal;font-family:Arial, Helvetica, sans-serif;}.wp-block-kadence-advancedheading.kt-adv-heading_78dc8e-17 mark, .wp-block-kadence-advancedheading.kt-adv-heading_78dc8e-17[data-kb-block=\"kb-adv-heading_78dc8e-17\"] mark{font-style:normal;color:#f76a0c;padding-top:0px;padding-right:0px;padding-bottom:0px;padding-left:0px;}<\/style>\n<h3 class=\"kt-adv-heading_78dc8e-17 wp-block-kadence-advancedheading\" data-kb-block=\"kb-adv-heading_78dc8e-17\"> <strong>J\u00e4senrekisterin tietosuojaseloste\u00a0\u00a0\u00a0\u00a0<\/strong> <\/h3>\n\n\n\n<figure class=\"wp-block-table\"><table><tbody><tr><td><strong>Rekisterinpit\u00e4j\u00e4<\/strong><\/td><td> Pohjois-Suomen Historiallinen Yhdistys ry. <\/td><\/tr><tr><td><strong>Yhteyshenkil\u00f6 rekisteri\u00e4 koskevissa asioissa<\/strong><\/td><td>Matti M\u00e4ntyl\u00e4 <\/td><\/tr><tr><td><\/td><td>Pohjois-Suomen Historiallinen Yhdistys ry,<br>c\/o HuTK\/Historia, <br>PL 1000,<br>90014 Oulun yliopisto <\/td><\/tr><tr><td><\/td><td>matti.mantyla (at) oulu.fi <\/td><\/tr><tr><td><strong>Rekisterin nimi<\/strong><\/td><td> Pohjois-Suomen Historiallinen Yhdistys ry:n j\u00e4senrekisteri <\/td><\/tr><tr><td><strong>Henkil\u00f6tietojen k\u00e4sittelyn tarkoitus<\/strong><\/td><td> Henkil\u00f6tietojen k\u00e4sittelyn perusteena on yhdistyslain (503\/1989) 3 luvun 11 \u00a7:n (8.5.2020\/336) mukainen velvoite pit\u00e4\u00e4 yll\u00e4 j\u00e4senluetteloa. Henkil\u00f6tietojen k\u00e4sittelyn tarkoitus on yhdistyksen j\u00e4senyyden hoitaminen ja yhteydenpito j\u00e4seniin. <\/td><\/tr><tr><td><strong>Rekisterin tietosis\u00e4lt\u00f6<\/strong><\/td><td> Rekisteriin merkit\u00e4\u00e4n vain yhdistyksen toiminnan kannalta tarpeelliset tiedot, jotka j\u00e4sen on ilmoittanut j\u00e4seneksi liittyess\u00e4\u00e4n tai my\u00f6hemmin yhdistyksen sihteerille, joka on yhteyshenkil\u00f6 rekisteri\u00e4 koskevissa asioissa. &nbsp; Rekisteriin ker\u00e4t\u00e4\u00e4n j\u00e4senist\u00e4 seuraavia tietoja: henkil\u00f6n nimi, posti- ja s\u00e4hk\u00f6postiosoite, j\u00e4senyyden tyyppi, j\u00e4senmaksua koskevat tiedot ja julkaisujen jatkuvaa tilausta koskevat tiedot. Rekisteriin merkityt tiedot poistetaan viivytyksett\u00e4 rekister\u00f6idyn erotessa yhdistyksen j\u00e4senyydest\u00e4. <\/td><\/tr><tr><td><strong>Tietojen luovutukset ja tietojen siirto EU:n tai ETA:n ulkopuolelle<\/strong><\/td><td> Rekisteriin tallennetuista tiedoista j\u00e4senten nimi- ja osoitetietoja luovutetaan henkil\u00f6lle, jonka yhdistys on rekrytoinut hoitamaan yhdistyksen postitusta. Muutoin tietoja ei luovuteta yhdistyksen ulkopuolelle, ei my\u00f6sk\u00e4\u00e4n EU-alueen tai ETA:n ulkopuolelle. <\/td><\/tr><tr><td><strong>Rekisterin suojauksen periaatteet<\/strong><\/td><td> Manuaalinen aineisto: ei manuaalista aineistoa. &nbsp; S\u00e4hk\u00f6inen aineisto: s\u00e4hk\u00f6inen j\u00e4senrekisteri sijaitsee Oulun yliopiston palvelimella sihteerin henkil\u00f6kohtaisessa kotihakemistossa sek\u00e4 sihteerin omistamalla tietokoneella k\u00e4ytt\u00e4j\u00e4tunnuksen ja salasanan takana. J\u00e4senrekisteri\u00e4 k\u00e4ytt\u00e4\u00e4 sihteeri, joka luovuttaa sen tietoja tarvittaessa ainoastaan rahastonhoitajalle ja postituksia hoitavalle yhdistyksen rekrytoimalle henkil\u00f6lle. <\/td><\/tr><tr><td><strong>Rekister\u00f6idyn oikeudet<\/strong><\/td><td> Rekister\u00f6idyll\u00e4 on oikeus tarkastaa itsest\u00e4\u00e4n ker\u00e4tyt tiedot sek\u00e4 pyyt\u00e4\u00e4 rekisterinpit\u00e4j\u00e4\u00e4 korjaamaan virheelliset tietonsa. Pyynt\u00f6 l\u00e4hetet\u00e4\u00e4n s\u00e4hk\u00f6postitse tai kirjallisesti yhteyshenkil\u00f6lle. &nbsp; Rekister\u00f6idyll\u00e4 on EU:n yleisen tietosuoja-asetuksen (2016\/679) artiklojen 15\u201322 mukainen oikeus saada l\u00e4pin\u00e4kyv\u00e4\u00e4 informaatiota henkil\u00f6tietojen k\u00e4sittelyst\u00e4, oikeus saada p\u00e4\u00e4sy tietoihin, oikeus tietojen oikaisemiseen, oikeus tulla unohdetuksi, oikeus k\u00e4sittelyn rajoittamiseen, oikeus siirt\u00e4\u00e4 tiedot j\u00e4rjestelm\u00e4st\u00e4 toiseen, vastustamisoikeus, oikeus olla joutumatta automaattisen p\u00e4\u00e4t\u00f6ksenteon kohteeksi ja oikeus k\u00e4\u00e4nty\u00e4 tarvittaessa toimivaltaisen viranomaisen puoleen. <\/td><\/tr><\/tbody><\/table><figcaption>5.7.2021<\/figcaption><\/figure>\n\n\n<style>.wp-block-kadence-advancedheading.kt-adv-heading_a5f79d-d0, .wp-block-kadence-advancedheading.kt-adv-heading_a5f79d-d0[data-kb-block=\"kb-adv-heading_a5f79d-d0\"]{font-style:normal;font-family:Arial, Helvetica, sans-serif;}.wp-block-kadence-advancedheading.kt-adv-heading_a5f79d-d0 mark, .wp-block-kadence-advancedheading.kt-adv-heading_a5f79d-d0[data-kb-block=\"kb-adv-heading_a5f79d-d0\"] mark{font-style:normal;color:#f76a0c;padding-top:0px;padding-right:0px;padding-bottom:0px;padding-left:0px;}<\/style>\n<h3 class=\"kt-adv-heading_a5f79d-d0 wp-block-kadence-advancedheading\" data-kb-block=\"kb-adv-heading_a5f79d-d0\"><strong>Verkkokaupan asiakasrekisterin tietosuojaseloste<\/strong><\/h3>\n\n\n\n<figure class=\"wp-block-table\"><table><tbody><tr><td><strong>Rekisterinpit\u00e4j\u00e4<\/strong><\/td><td> Pohjois-Suomen Historiallinen Yhdistys ry. <\/td><\/tr><tr><td><strong>Yhteyshenkil\u00f6 rekisteri\u00e4 koskevissa asioissa<\/strong><\/td><td> Matti M\u00e4ntyl\u00e4 <\/td><\/tr><tr><td><\/td><td>Pohjois-Suomen Historiallinen Yhdistys ry, <br>c\/o HuTK\/Historia,<br> PL 1000, <br>90014 Oulun yliopisto<\/td><\/tr><tr><td><\/td><td>matti.mantyla (at) oulu.fi<\/td><\/tr><tr><td><strong>Rekisterin nimi<\/strong><\/td><td>Pohjois-Suomen Historiallinen Yhdistys ry:n verkkokaupan asiakasrekisteri<\/td><\/tr><tr><td><strong>Henkil\u00f6tietojen k\u00e4sittelyn tarkoitus ja oikeusperuste<\/strong><\/td><td>Henkil\u00f6tietojen k\u00e4sittelyn tarkoitus on verkkokaupan tilausten toimittaminen ja asiakassuhteen hoitaminen. Henkil\u00f6tietoja k\u00e4sitell\u00e4\u00e4n seuraavin EU:n yleisen tietosuoja-asetuksen (GDPR) mukaisin oikeusperustein: K\u00e4sittely on tarpeen sellaisen sopimuksen t\u00e4yt\u00e4nt\u00f6\u00f6n panemiseksi, jossa rekister\u00f6ity on osapuolena, tai sopimuksen tekemist\u00e4 edelt\u00e4vien toimenpiteiden toteuttamiseksi rekister\u00f6idyn puolesta (GDPR 6 art. 1.b)Rekister\u00f6idyn yksiselitteisesti antama suostumus (joka on asiakkaan peruutettavissa milloin tahansa)<\/td><\/tr><tr><td><strong>Rekisterin tietosis\u00e4lt\u00f6 ja tietol\u00e4hteet<\/strong><\/td><td>Rekisteriin merkit\u00e4\u00e4n vain verkkokaupan toiminnan kannalta tarpeelliset tiedot, jotka asiakas on ilmoittanut tilauksen yhteydess\u00e4. Rekisteriin voidaan ker\u00e4t\u00e4 asiakkaasta seuraavia tietoja: asiakkaan nimi, laskutus- ja toimitusosoite (nimi, organisaatio, katuosoite, postinumero, postitoimipaikka ja maa), s\u00e4hk\u00f6postiosoite, yrityksilt\u00e4 ja yhteis\u00f6ilt\u00e4 y-tunnus, asiakkaan asiointikieli, tiedot tilauksista). Asiakasrekisteriin tallennettavat tiedot saadaan asiakkaalta itselt\u00e4\u00e4n h\u00e4nen tehdess\u00e4\u00e4n tilauksen s\u00e4hk\u00f6isesti verkkokaupan kautta.<\/td><\/tr><tr><td><strong>Tietojen luovutukset ja tietojen siirto EU:n tai ETA:n ulkopuolelle<\/strong><\/td><td>Rekisteriin tallennettuja tietoja ei s\u00e4\u00e4nn\u00f6nmukaisesti luovuteta tai siirret\u00e4 muille tahoille tai palveluille eik\u00e4 my\u00f6sk\u00e4\u00e4n EU-alueen tai ETA:n ulkopuolelle.<\/td><\/tr><tr><td><strong>Henkil\u00f6tietojen s\u00e4ilytysaika<\/strong><\/td><td>Henkil\u00f6tietoja s\u00e4ilytet\u00e4\u00e4n asiakassuhteen voimassaolon ajan sek\u00e4 niin kauan kuin lains\u00e4\u00e4d\u00e4nt\u00f6 ja m\u00e4\u00e4r\u00e4ykset velvoittavat.<\/td><\/tr><tr><td><strong>Rekisterin suojauksen periaatteet<\/strong><\/td><td>Rekisterin k\u00e4yt\u00f6ss\u00e4 noudatetaan huolellisuutta ja tietoj\u00e4rjestelmien avulla k\u00e4sitelt\u00e4v\u00e4t tiedot suojataan asianmukaisesti. Kun rekisteritietoja s\u00e4ilytet\u00e4\u00e4n Internet-palvelimilla, niiden laitteiston fyysisest\u00e4 ja digitaalisesta tietoturvasta huolehditaan asianmukaisesti. Rekisterinpit\u00e4j\u00e4 huolehtii siit\u00e4, ett\u00e4 tallennettuja tietoja ja muita henkil\u00f6tietojen turvallisuuden kannalta kriittisi\u00e4 tietoja k\u00e4sitell\u00e4\u00e4n luottamuksellisesti ja vain niiden henkil\u00f6iden toimesta, joiden teht\u00e4v\u00e4kuvaan se kuuluu.<\/td><\/tr><tr><td><strong>Rekister\u00f6idyn oikeudet<\/strong><\/td><td>Rekister\u00f6idyll\u00e4 on oikeus tarkastaa itsest\u00e4\u00e4n ker\u00e4tyt tiedot sek\u00e4 pyyt\u00e4\u00e4 rekisterinpit\u00e4j\u00e4\u00e4 korjaamaan ja t\u00e4ydent\u00e4m\u00e4\u00e4n virheelliset tai puutteelliset tiedot. Mik\u00e4li henkil\u00f6 haluaa tarkistaa h\u00e4nest\u00e4 tallennetut tiedot ja pyyt\u00e4\u00e4 niiden oikaisua, tulee pyynt\u00f6 l\u00e4hett\u00e4\u00e4 s\u00e4hk\u00f6postitse tai kirjallisesti yhteyshenkil\u00f6lle. Rekisterinpit\u00e4j\u00e4 voi pyyt\u00e4\u00e4 tarvittaessa pyynn\u00f6n esitt\u00e4j\u00e4\u00e4 todistamaan henkil\u00f6llisyytens\u00e4. Rekisterinpit\u00e4j\u00e4 vastaa asiakkaalle EU:n tietosuoja-asetuksessa s\u00e4\u00e4detyss\u00e4 ajassa. Rekister\u00f6idyll\u00e4 on EU:n yleisen tietosuoja-asetuksen (2016\/679) artiklojen 15\u201322 mukainen oikeus saada l\u00e4pin\u00e4kyv\u00e4\u00e4 informaatiota henkil\u00f6tietojen k\u00e4sittelyst\u00e4, oikeus saada p\u00e4\u00e4sy tietoihin, oikeus tietojen oikaisemiseen, oikeus tulla unohdetuksi, oikeus k\u00e4sittelyn rajoittamiseen, oikeus siirt\u00e4\u00e4 tiedot j\u00e4rjestelm\u00e4st\u00e4 toiseen, vastustamisoikeus, oikeus olla joutumatta automaattisen p\u00e4\u00e4t\u00f6ksenteon kohteeksi ja oikeus k\u00e4\u00e4nty\u00e4 tarvittaessa toimivaltaisen viranomaisen puoleen.<\/td><\/tr><\/tbody><\/table><figcaption>15.9.2021<\/figcaption><\/figure>\n","protected":false},"excerpt":{"rendered":"<p>J\u00e4senrekisterin ja verkkokaupan tietosuojaselosteet \u00a0\u00a0\u00a0\u00a0\u00a0\u00a0\u00a0\u00a0\u00a0\u00a0\u00a0\u00a0\u00a0\u00a0\u00a0\u00a0\u00a0\u00a0\u00a0\u00a0\u00a0\u00a0\u00a0\u00a0\u00a0\u00a0\u00a0\u00a0\u00a0\u00a0\u00a0\u00a0\u00a0\u00a0\u00a0\u00a0\u00a0\u00a0\u00a0\u00a0\u00a0\u00a0\u00a0\u00a0\u00a0\u00a0\u00a0\u00a0\u00a0\u00a0\u00a0\u00a0\u00a0\u00a0\u00a0\u00a0\u00a0\u00a0\u00a0\u00a0\u00a0\u00a0\u00a0\u00a0\u00a0\u00a0\u00a0\u00a0\u00a0\u00a0 \u00a0\u00a0\u00a0\u00a0\u00a0\u00a0\u00a0\u00a0\u00a0\u00a0\u00a0\u00a0\u00a0\u00a0\u00a0\u00a0\u00a0\u00a0\u00a0\u00a0\u00a0\u00a0\u00a0 J\u00e4senrekisterin tietosuojaseloste\u00a0\u00a0\u00a0\u00a0 Rekisterinpit\u00e4j\u00e4 Pohjois-Suomen Historiallinen Yhdistys ry. Yhteyshenkil\u00f6 rekisteri\u00e4 koskevissa asioissa Matti M\u00e4ntyl\u00e4 Pohjois-Suomen Historiallinen Yhdistys<\/p>\n<p class=\"link-more\"><a class=\"myButt \" href=\"https:\/\/www.pshy.fi\/?page_id=1271\">Read More<\/a><\/p>\n","protected":false},"author":36,"featured_media":0,"parent":0,"menu_order":0,"comment_status":"closed","ping_status":"closed","template":"","meta":{"footnotes":""},"class_list":["post-1271","page","type-page","status-publish","hentry"],"_links":{"self":[{"href":"https:\/\/www.pshy.fi\/index.php?rest_route=\/wp\/v2\/pages\/1271","targetHints":{"allow":["GET"]}}],"collection":[{"href":"https:\/\/www.pshy.fi\/index.php?rest_route=\/wp\/v2\/pages"}],"about":[{"href":"https:\/\/www.pshy.fi\/index.php?rest_route=\/wp\/v2\/types\/page"}],"author":[{"embeddable":true,"href":"https:\/\/www.pshy.fi\/index.php?rest_route=\/wp\/v2\/users\/36"}],"replies":[{"embeddable":true,"href":"https:\/\/www.pshy.fi\/index.php?rest_route=%2Fwp%2Fv2%2Fcomments&post=1271"}],"version-history":[{"count":30,"href":"https:\/\/www.pshy.fi\/index.php?rest_route=\/wp\/v2\/pages\/1271\/revisions"}],"predecessor-version":[{"id":1462,"href":"https:\/\/www.pshy.fi\/index.php?rest_route=\/wp\/v2\/pages\/1271\/revisions\/1462"}],"wp:attachment":[{"href":"https:\/\/www.pshy.fi\/index.php?rest_route=%2Fwp%2Fv2%2Fmedia&parent=1271"}],"curies":[{"name":"wp","href":"https:\/\/api.w.org\/{rel}","templated":true}]}}