                                                 {"id":139,"date":"2021-01-13T11:12:14","date_gmt":"2021-01-13T09:12:14","guid":{"rendered":"https:\/\/www.pshy.fi\/?page_id=139"},"modified":"2021-10-21T20:10:34","modified_gmt":"2021-10-21T17:10:34","slug":"http-pro-tsv-fi-pshy-julkaisut-htm","status":"publish","type":"page","link":"https:\/\/www.pshy.fi\/?page_id=139","title":{"rendered":""},"content":{"rendered":"<style>#kt-layout-id_7079fc-4c > .kt-row-column-wrap{align-content:start;}:where(#kt-layout-id_7079fc-4c > .kt-row-column-wrap) > .wp-block-kadence-column{justify-content:start;}#kt-layout-id_7079fc-4c > .kt-row-column-wrap{column-gap:var(--global-kb-gap-md, 2rem);row-gap:var(--global-kb-gap-md, 2rem);padding-top:var( --global-kb-row-default-top, 25px );padding-bottom:var( --global-kb-row-default-bottom, 25px );padding-top:0px;padding-bottom:460px;grid-template-columns:minmax(0, 1fr);}#kt-layout-id_7079fc-4c{background-image:url('http:\/\/wp.protsv.fi\/pshy\/wp-content\/uploads\/sites\/18\/2021\/05\/museovirasto_hevonen2.jpg');background-size:cover;background-position:46% 43%;background-attachment:scroll;background-repeat:no-repeat;}#kt-layout-id_7079fc-4c > .kt-row-layout-overlay{opacity:0.30;}@media all and (max-width: 1024px){#kt-layout-id_7079fc-4c > .kt-row-column-wrap{grid-template-columns:minmax(0, 1fr);}}@media all and (max-width: 767px){#kt-layout-id_7079fc-4c > .kt-row-column-wrap{grid-template-columns:minmax(0, 1fr);}#kt-layout-id_7079fc-4c{display:none !important;}}<\/style>\n<div class=\"wp-block-kadence-rowlayout alignnone kvs-sm-false\"><div id=\"kt-layout-id_7079fc-4c\" class=\"kt-row-layout-inner kt-row-has-bg kt-layout-id_7079fc-4c\"><div class=\"kt-row-column-wrap kt-has-1-columns kt-gutter-default kt-v-gutter-default kt-row-valign-top kt-row-layout-equal kt-tab-layout-inherit kt-m-colapse-left-to-right kt-mobile-layout-row\"><style>.kadence-column_a8e6fa-08 > .kt-inside-inner-col{border-top-width:0px;border-right-width:0px;border-bottom-width:0px;border-left-width:0px;}.kadence-column_a8e6fa-08 > .kt-inside-inner-col,.kadence-column_a8e6fa-08 > .kt-inside-inner-col:before{border-top-left-radius:0px;border-top-right-radius:0px;border-bottom-right-radius:0px;border-bottom-left-radius:0px;}.kadence-column_a8e6fa-08 > .kt-inside-inner-col:before{opacity:0.3;}.kadence-column_a8e6fa-08{position:relative;}<\/style>\n<div class=\"wp-block-kadence-column inner-column-1 kadence-column_a8e6fa-08\"><div class=\"kt-inside-inner-col\"><\/div><\/div>\n<\/div><\/div><\/div>\n\n\n<style>#kt-layout-id_bfa660-bc > .kt-row-column-wrap{align-content:start;}:where(#kt-layout-id_bfa660-bc > .kt-row-column-wrap) > .wp-block-kadence-column{justify-content:start;}#kt-layout-id_bfa660-bc > .kt-row-column-wrap{column-gap:var(--global-kb-gap-md, 2rem);row-gap:var(--global-kb-gap-md, 2rem);padding-top:var( --global-kb-row-default-top, 25px );padding-bottom:var( --global-kb-row-default-bottom, 25px );padding-bottom:195px;grid-template-columns:minmax(0, 1fr);}#kt-layout-id_bfa660-bc{background-image:url('http:\/\/wp.protsv.fi\/pshy\/wp-content\/uploads\/sites\/18\/2021\/05\/museovirasto_hevonen2.jpg');background-size:cover;background-position:0% 43%;background-attachment:scroll;background-repeat:no-repeat;}#kt-layout-id_bfa660-bc > .kt-row-layout-overlay{opacity:0.30;}@media all and (min-width: 1025px){#kt-layout-id_bfa660-bc{display:none !important;}}@media all and (max-width: 1024px){#kt-layout-id_bfa660-bc > .kt-row-column-wrap{grid-template-columns:minmax(0, 1fr);}}@media all and (min-width: 768px) and (max-width: 1024px){#kt-layout-id_bfa660-bc{display:none !important;}}@media all and (max-width: 767px){#kt-layout-id_bfa660-bc > .kt-row-column-wrap{grid-template-columns:minmax(0, 1fr);}}<\/style>\n<div class=\"wp-block-kadence-rowlayout alignnone kvs-lg-false kvs-md-false\"><div id=\"kt-layout-id_bfa660-bc\" class=\"kt-row-layout-inner kt-row-has-bg kt-layout-id_bfa660-bc\"><div class=\"kt-row-column-wrap kt-has-1-columns kt-gutter-default kt-v-gutter-default kt-row-valign-top kt-row-layout-equal kt-tab-layout-inherit kt-m-colapse-left-to-right kt-mobile-layout-row\"><style>.kadence-column_6f7a38-fa > .kt-inside-inner-col{border-top-width:0px;border-right-width:0px;border-bottom-width:0px;border-left-width:0px;}.kadence-column_6f7a38-fa > .kt-inside-inner-col,.kadence-column_6f7a38-fa > .kt-inside-inner-col:before{border-top-left-radius:0px;border-top-right-radius:0px;border-bottom-right-radius:0px;border-bottom-left-radius:0px;}.kadence-column_6f7a38-fa > .kt-inside-inner-col:before{opacity:0.3;}.kadence-column_6f7a38-fa{position:relative;}<\/style>\n<div class=\"wp-block-kadence-column inner-column-1 kadence-column_6f7a38-fa\"><div class=\"kt-inside-inner-col\"><\/div><\/div>\n<\/div><\/div><\/div>\n\n\n<style>.wp-block-kadence-advancedheading.kt-adv-heading_dad5aa-68, .wp-block-kadence-advancedheading.kt-adv-heading_dad5aa-68[data-kb-block=\"kb-adv-heading_dad5aa-68\"]{font-weight:700;font-style:normal;font-family:'Alegreya SC';}.wp-block-kadence-advancedheading.kt-adv-heading_dad5aa-68 mark, .wp-block-kadence-advancedheading.kt-adv-heading_dad5aa-68[data-kb-block=\"kb-adv-heading_dad5aa-68\"] mark{font-weight:normal;font-style:normal;color:#f76a0c;padding-top:0px;padding-right:0px;padding-bottom:0px;padding-left:0px;}@media all and (max-width: 767px){.wp-block-kadence-advancedheading.kt-adv-heading_dad5aa-68, .wp-block-kadence-advancedheading.kt-adv-heading_dad5aa-68[data-kb-block=\"kb-adv-heading_dad5aa-68\"]{font-size:20px;}}<\/style>\n<h1 class=\"kt-adv-heading_dad5aa-68 wp-block-kadence-advancedheading\" data-kb-block=\"kb-adv-heading_dad5aa-68\"><strong>THE HISTORICAL ASSOCIATION OF NORTHERN FINLAND<\/strong><\/h1>\n\n\n<style>.wp-block-kadence-advancedheading.kt-adv-heading_b8d284-d0, .wp-block-kadence-advancedheading.kt-adv-heading_b8d284-d0[data-kb-block=\"kb-adv-heading_b8d284-d0\"]{font-weight:400;font-style:normal;font-family:Roboto;}.wp-block-kadence-advancedheading.kt-adv-heading_b8d284-d0 mark, .wp-block-kadence-advancedheading.kt-adv-heading_b8d284-d0[data-kb-block=\"kb-adv-heading_b8d284-d0\"] mark{font-weight:normal;font-style:normal;color:#f76a0c;padding-top:0px;padding-right:0px;padding-bottom:0px;padding-left:0px;}@media all and (max-width: 767px){.wp-block-kadence-advancedheading.kt-adv-heading_b8d284-d0, .wp-block-kadence-advancedheading.kt-adv-heading_b8d284-d0[data-kb-block=\"kb-adv-heading_b8d284-d0\"]{font-size:16px;}}<\/style>\n<h3 class=\"kt-adv-heading_b8d284-d0 wp-block-kadence-advancedheading has-black-color has-text-color\" data-kb-block=\"kb-adv-heading_b8d284-d0\">The Historical Association of Northern Finland (HANF) is a scholarly non-profit organization. The HANF was established in 1976 to promote historical research in Northern Finland. Its activities include sponsoring meetings and conferences for the exchange of scholarly view and disseminating historical knowledge through publications.<\/h3>\n\n\n<style>.wp-block-kadence-advancedheading.kt-adv-heading_d3bf3b-2a, .wp-block-kadence-advancedheading.kt-adv-heading_d3bf3b-2a[data-kb-block=\"kb-adv-heading_d3bf3b-2a\"]{font-weight:400;font-style:normal;font-family:Roboto;}.wp-block-kadence-advancedheading.kt-adv-heading_d3bf3b-2a mark, .wp-block-kadence-advancedheading.kt-adv-heading_d3bf3b-2a[data-kb-block=\"kb-adv-heading_d3bf3b-2a\"] mark{font-weight:normal;font-style:normal;color:#f76a0c;padding-top:0px;padding-right:0px;padding-bottom:0px;padding-left:0px;}@media all and (max-width: 767px){.wp-block-kadence-advancedheading.kt-adv-heading_d3bf3b-2a, .wp-block-kadence-advancedheading.kt-adv-heading_d3bf3b-2a[data-kb-block=\"kb-adv-heading_d3bf3b-2a\"]{font-size:16px;}}<\/style>\n<h3 class=\"kt-adv-heading_d3bf3b-2a wp-block-kadence-advancedheading has-black-color has-text-color\" data-kb-block=\"kb-adv-heading_d3bf3b-2a\">Faravid is the fully peer-reviewed official journal of the Historical Association of Northern Finland. Faravid encourages systematic study and research on all aspects of history and welcomes contributions from historians and representatives of other disciplines.<\/h3>\n\n\n\n<p><strong><em>Editorial board<\/em><\/strong><\/p>\n\n\n\n<div class=\"wp-block-columns is-layout-flex wp-container-core-columns-is-layout-9d6595d7 wp-block-columns-is-layout-flex\">\n<div class=\"wp-block-column is-layout-flow wp-block-column-is-layout-flow\" style=\"flex-basis:100%\">\n<figure id=\"AutoNumber1\" class=\"wp-block-table\"><table><tbody><tr><td><em>Editor-in-Chief<\/em><\/td><td>Kari Alenius, University of Oulu<\/td><\/tr><tr><td><em>Vice Editor-in-Chief<\/em><\/td><td>Matti M\u00e4ntyl\u00e4, University of Oulu<\/td><\/tr><tr><td><em>Layout Editor<\/em><\/td><td>Maria Julku, University of Oulu<\/td><\/tr><tr><td><em>Publications Secretary<\/em><\/td><td>Tuula Okkonen, University of Oulu<\/td><\/tr><\/tbody><\/table><\/figure>\n<\/div>\n<\/div>\n\n\n<style>.wp-block-kadence-advancedheading.kt-adv-heading_cc6c87-e2, .wp-block-kadence-advancedheading.kt-adv-heading_cc6c87-e2[data-kb-block=\"kb-adv-heading_cc6c87-e2\"]{line-height:26px;font-weight:400;font-style:normal;font-family:Roboto;letter-spacing:0px;}.wp-block-kadence-advancedheading.kt-adv-heading_cc6c87-e2 mark, .wp-block-kadence-advancedheading.kt-adv-heading_cc6c87-e2[data-kb-block=\"kb-adv-heading_cc6c87-e2\"] mark{font-weight:normal;font-style:normal;color:#f76a0c;padding-top:0px;padding-right:0px;padding-bottom:0px;padding-left:0px;}@media all and (max-width: 767px){.wp-block-kadence-advancedheading.kt-adv-heading_cc6c87-e2, .wp-block-kadence-advancedheading.kt-adv-heading_cc6c87-e2[data-kb-block=\"kb-adv-heading_cc6c87-e2\"]{font-size:16px;}}<\/style>\n<h3 class=\"kt-adv-heading_cc6c87-e2 wp-block-kadence-advancedheading has-black-color has-text-color\" data-kb-block=\"kb-adv-heading_cc6c87-e2\"><em><strong>International Advisory Board<\/strong><\/em><br><br>Michel S. Beaulieu, Lakehead University<br>Kalervo Hovi, University of Turku<br>Chiharu Inaba, Meijo University<br>Saulius Kaubrys, University of Vilnius<br>Leila Koivunen, University of Turku<br>Juhani Kostet, University of Jyv\u00e4skyl\u00e4 and University of Oulu<br>Silviu Miloiu, Valahian University of T\u00e2rgoviste<br>Henry Oinas-Kukkonen, University of Oulu<br>Tuula Okkonen, University of Oulu<br>Heikki Roiko-Jokela, University of Jyv\u00e4skyl\u00e4<br>Rein Ruutsoo, University of Tallinn<br>Valters Scerbinskis, Latvian National Library<br>Yoneyuki Sugita, Osaka University<br>Taina Syrj\u00e4maa, University of Turku<br>Pasi Tuunainen, University of Eastern Finland<br>&nbsp;<\/h3>\n\n\n<style>.wp-block-kadence-advancedheading.kt-adv-heading_20189e-e5, .wp-block-kadence-advancedheading.kt-adv-heading_20189e-e5[data-kb-block=\"kb-adv-heading_20189e-e5\"]{font-weight:400;font-style:normal;font-family:Roboto;}.wp-block-kadence-advancedheading.kt-adv-heading_20189e-e5 mark, .wp-block-kadence-advancedheading.kt-adv-heading_20189e-e5[data-kb-block=\"kb-adv-heading_20189e-e5\"] mark{font-weight:normal;font-style:normal;color:#f76a0c;padding-top:0px;padding-right:0px;padding-bottom:0px;padding-left:0px;}<\/style>\n<h3 class=\"kt-adv-heading_20189e-e5 wp-block-kadence-advancedheading has-black-color has-text-color\" data-kb-block=\"kb-adv-heading_20189e-e5\"><strong>Address<\/strong><\/h3>\n\n\n<style>.wp-block-kadence-advancedheading.kt-adv-heading_7a3252-c4, .wp-block-kadence-advancedheading.kt-adv-heading_7a3252-c4[data-kb-block=\"kb-adv-heading_7a3252-c4\"]{font-weight:400;font-style:normal;font-family:Roboto;}.wp-block-kadence-advancedheading.kt-adv-heading_7a3252-c4 mark, .wp-block-kadence-advancedheading.kt-adv-heading_7a3252-c4[data-kb-block=\"kb-adv-heading_7a3252-c4\"] mark{font-weight:normal;font-style:normal;color:#f76a0c;padding-top:0px;padding-right:0px;padding-bottom:0px;padding-left:0px;}<\/style>\n<h3 class=\"kt-adv-heading_7a3252-c4 wp-block-kadence-advancedheading has-black-color has-text-color\" data-kb-block=\"kb-adv-heading_7a3252-c4\">Department of History<br>P. O. Box 1000<br>90014 University of Oulu<br>Finland<\/h3>\n\n\n\n<div class=\"wp-block-columns is-layout-flex wp-container-core-columns-is-layout-9d6595d7 wp-block-columns-is-layout-flex\">\n<div class=\"wp-block-column is-layout-flow wp-block-column-is-layout-flow\"><style>.wp-block-kadence-advancedheading.kt-adv-heading_1a2375-66, .wp-block-kadence-advancedheading.kt-adv-heading_1a2375-66[data-kb-block=\"kb-adv-heading_1a2375-66\"]{text-align:left;font-weight:bold;font-style:normal;font-family:\"Lucida Console\", Monaco, monospace;}.wp-block-kadence-advancedheading.kt-adv-heading_1a2375-66 mark, .wp-block-kadence-advancedheading.kt-adv-heading_1a2375-66[data-kb-block=\"kb-adv-heading_1a2375-66\"] mark{font-weight:normal;font-style:normal;color:#f76a0c;padding-top:0px;padding-right:0px;padding-bottom:0px;padding-left:0px;}<\/style>\n<h2 class=\"kt-adv-heading_1a2375-66 wp-block-kadence-advancedheading\" data-kb-block=\"kb-adv-heading_1a2375-66\"><\/h2>\n<\/div>\n\n\n\n<div class=\"wp-block-column is-layout-flow wp-block-column-is-layout-flow\"><style>.wp-block-kadence-advancedheading.kt-adv-heading_c3241a-ad, .wp-block-kadence-advancedheading.kt-adv-heading_c3241a-ad[data-kb-block=\"kb-adv-heading_c3241a-ad\"]{text-align:left;font-weight:bold;font-style:normal;font-family:\"Lucida Console\", Monaco, monospace;}.wp-block-kadence-advancedheading.kt-adv-heading_c3241a-ad mark, .wp-block-kadence-advancedheading.kt-adv-heading_c3241a-ad[data-kb-block=\"kb-adv-heading_c3241a-ad\"] mark{font-weight:normal;font-style:normal;color:#f76a0c;padding-top:0px;padding-right:0px;padding-bottom:0px;padding-left:0px;}@media all and (max-width: 1024px){.wp-block-kadence-advancedheading.kt-adv-heading_c3241a-ad, .wp-block-kadence-advancedheading.kt-adv-heading_c3241a-ad[data-kb-block=\"kb-adv-heading_c3241a-ad\"]{font-size:40px;}}@media all and (max-width: 767px){.wp-block-kadence-advancedheading.kt-adv-heading_c3241a-ad, .wp-block-kadence-advancedheading.kt-adv-heading_c3241a-ad[data-kb-block=\"kb-adv-heading_c3241a-ad\"]{font-size:25px;}}<\/style>\n<h2 class=\"kt-adv-heading_c3241a-ad wp-block-kadence-advancedheading\" data-kb-block=\"kb-adv-heading_c3241a-ad\"><\/h2>\n\n\n\n<p><\/p>\n<\/div>\n<\/div>\n","protected":false},"excerpt":{"rendered":"<p>THE HISTORICAL ASSOCIATION OF NORTHERN FINLAND The Historical Association of Northern Finland (HANF) is a scholarly non-profit organization. The HANF was established<\/p>\n<p class=\"link-more\"><a class=\"myButt \" href=\"https:\/\/www.pshy.fi\/?page_id=139\">Read More<\/a><\/p>\n","protected":false},"author":36,"featured_media":0,"parent":0,"menu_order":0,"comment_status":"closed","ping_status":"closed","template":"","meta":{"footnotes":""},"class_list":["post-139","page","type-page","status-publish","hentry"],"_links":{"self":[{"href":"https:\/\/www.pshy.fi\/index.php?rest_route=\/wp\/v2\/pages\/139","targetHints":{"allow":["GET"]}}],"collection":[{"href":"https:\/\/www.pshy.fi\/index.php?rest_route=\/wp\/v2\/pages"}],"about":[{"href":"https:\/\/www.pshy.fi\/index.php?rest_route=\/wp\/v2\/types\/page"}],"author":[{"embeddable":true,"href":"https:\/\/www.pshy.fi\/index.php?rest_route=\/wp\/v2\/users\/36"}],"replies":[{"embeddable":true,"href":"https:\/\/www.pshy.fi\/index.php?rest_route=%2Fwp%2Fv2%2Fcomments&post=139"}],"version-history":[{"count":42,"href":"https:\/\/www.pshy.fi\/index.php?rest_route=\/wp\/v2\/pages\/139\/revisions"}],"predecessor-version":[{"id":1553,"href":"https:\/\/www.pshy.fi\/index.php?rest_route=\/wp\/v2\/pages\/139\/revisions\/1553"}],"wp:attachment":[{"href":"https:\/\/www.pshy.fi\/index.php?rest_route=%2Fwp%2Fv2%2Fmedia&parent=139"}],"curies":[{"name":"wp","href":"https:\/\/api.w.org\/{rel}","templated":true}]}}