                                                 {"id":363,"date":"2021-02-03T16:06:23","date_gmt":"2021-02-03T14:06:23","guid":{"rendered":"https:\/\/www.pshy.fi\/?page_id=363"},"modified":"2021-10-21T20:11:26","modified_gmt":"2021-10-21T17:11:26","slug":"liity-jaseneksi","status":"publish","type":"page","link":"https:\/\/www.pshy.fi\/?page_id=363","title":{"rendered":""},"content":{"rendered":"<style>#kt-layout-id_b5bf7d-bf > .kt-row-column-wrap{align-content:center;}:where(#kt-layout-id_b5bf7d-bf > .kt-row-column-wrap) > .wp-block-kadence-column{justify-content:center;}#kt-layout-id_b5bf7d-bf > .kt-row-column-wrap{column-gap:var(--global-kb-gap-md, 2rem);row-gap:var(--global-kb-gap-md, 2rem);padding-top:var( --global-kb-row-default-top, 25px );padding-bottom:var( --global-kb-row-default-bottom, 25px );padding-bottom:459px;grid-template-columns:minmax(0, 1fr);}#kt-layout-id_b5bf7d-bf{background-image:url('http:\/\/wp.protsv.fi\/pshy\/wp-content\/uploads\/sites\/18\/2021\/04\/museovirasto_nuolenkarki.jpg');background-size:cover;background-position:51% 38%;background-attachment:scroll;background-repeat:no-repeat;}#kt-layout-id_b5bf7d-bf > .kt-row-layout-overlay{opacity:0.30;}@media all and (max-width: 1024px){#kt-layout-id_b5bf7d-bf > .kt-row-column-wrap{grid-template-columns:minmax(0, 1fr);}}@media all and (max-width: 767px){#kt-layout-id_b5bf7d-bf > .kt-row-column-wrap{grid-template-columns:minmax(0, 1fr);}#kt-layout-id_b5bf7d-bf{display:none !important;}}<\/style>\n<div class=\"wp-block-kadence-rowlayout alignnone kvs-sm-false\"><div id=\"kt-layout-id_b5bf7d-bf\" class=\"kt-row-layout-inner kt-row-has-bg kt-layout-id_b5bf7d-bf\"><div class=\"kt-row-column-wrap kt-has-1-columns kt-gutter-default kt-v-gutter-default kt-row-valign-middle kt-row-layout-equal kt-tab-layout-inherit kt-m-colapse-left-to-right kt-mobile-layout-row\"><style>.kadence-column_0641ea-5c > .kt-inside-inner-col{border-top-width:0px;border-right-width:0px;border-bottom-width:0px;border-left-width:0px;}.kadence-column_0641ea-5c > .kt-inside-inner-col,.kadence-column_0641ea-5c > .kt-inside-inner-col:before{border-top-left-radius:0px;border-top-right-radius:0px;border-bottom-right-radius:0px;border-bottom-left-radius:0px;}.kadence-column_0641ea-5c > .kt-inside-inner-col:before{opacity:0.3;}.kadence-column_0641ea-5c{position:relative;}<\/style>\n<div class=\"wp-block-kadence-column inner-column-1 kadence-column_0641ea-5c\"><div class=\"kt-inside-inner-col\"><\/div><\/div>\n<\/div><\/div><\/div>\n\n\n<style>#kt-layout-id_e86c95-d3 > .kt-row-column-wrap{align-content:start;}:where(#kt-layout-id_e86c95-d3 > .kt-row-column-wrap) > .wp-block-kadence-column{justify-content:start;}#kt-layout-id_e86c95-d3 > .kt-row-column-wrap{column-gap:var(--global-kb-gap-md, 2rem);row-gap:var(--global-kb-gap-md, 2rem);padding-top:var( --global-kb-row-default-top, 25px );padding-bottom:var( --global-kb-row-default-bottom, 25px );padding-bottom:195px;grid-template-columns:minmax(0, 1fr);}#kt-layout-id_e86c95-d3{background-image:url('http:\/\/wp.protsv.fi\/pshy\/wp-content\/uploads\/sites\/18\/2021\/04\/museovirasto_nuolenkarki.jpg');background-size:cover;background-position:90% 61%;background-attachment:scroll;background-repeat:no-repeat;}#kt-layout-id_e86c95-d3 > .kt-row-layout-overlay{opacity:0.30;}@media all and (min-width: 1025px){#kt-layout-id_e86c95-d3{display:none !important;}}@media all and (max-width: 1024px){#kt-layout-id_e86c95-d3 > .kt-row-column-wrap{grid-template-columns:minmax(0, 1fr);}}@media all and (min-width: 768px) and (max-width: 1024px){#kt-layout-id_e86c95-d3{display:none !important;}}@media all and (max-width: 767px){#kt-layout-id_e86c95-d3 > .kt-row-column-wrap{grid-template-columns:minmax(0, 1fr);}}<\/style>\n<div class=\"wp-block-kadence-rowlayout alignnone kvs-lg-false kvs-md-false\"><div id=\"kt-layout-id_e86c95-d3\" class=\"kt-row-layout-inner kt-row-has-bg kt-layout-id_e86c95-d3\"><div class=\"kt-row-column-wrap kt-has-1-columns kt-gutter-default kt-v-gutter-default kt-row-valign-top kt-row-layout-equal kt-tab-layout-inherit kt-m-colapse-left-to-right kt-mobile-layout-row\"><style>.kadence-column_9e1955-10 > .kt-inside-inner-col{border-top-width:0px;border-right-width:0px;border-bottom-width:0px;border-left-width:0px;}.kadence-column_9e1955-10 > .kt-inside-inner-col,.kadence-column_9e1955-10 > .kt-inside-inner-col:before{border-top-left-radius:0px;border-top-right-radius:0px;border-bottom-right-radius:0px;border-bottom-left-radius:0px;}.kadence-column_9e1955-10 > .kt-inside-inner-col:before{opacity:0.3;}.kadence-column_9e1955-10{position:relative;}<\/style>\n<div class=\"wp-block-kadence-column inner-column-1 kadence-column_9e1955-10\"><div class=\"kt-inside-inner-col\"><\/div><\/div>\n<\/div><\/div><\/div>\n\n\n<style>.wp-block-kadence-advancedheading.kt-adv-heading_f6665d-d1, .wp-block-kadence-advancedheading.kt-adv-heading_f6665d-d1[data-kb-block=\"kb-adv-heading_f6665d-d1\"]{font-weight:700;font-style:normal;font-family:Alegreya;}.wp-block-kadence-advancedheading.kt-adv-heading_f6665d-d1 mark, .wp-block-kadence-advancedheading.kt-adv-heading_f6665d-d1[data-kb-block=\"kb-adv-heading_f6665d-d1\"] mark{font-weight:normal;font-style:normal;color:#f76a0c;padding-top:0px;padding-right:0px;padding-bottom:0px;padding-left:0px;}@media all and (max-width: 767px){.wp-block-kadence-advancedheading.kt-adv-heading_f6665d-d1, .wp-block-kadence-advancedheading.kt-adv-heading_f6665d-d1[data-kb-block=\"kb-adv-heading_f6665d-d1\"]{font-size:30px;}}<\/style>\n<h1 class=\"kt-adv-heading_f6665d-d1 wp-block-kadence-advancedheading\" data-kb-block=\"kb-adv-heading_f6665d-d1\">LIITY J\u00c4SENEKSI<\/h1>\n\n\n<style>.wp-block-kadence-advancedheading.kt-adv-heading_c4b3ad-4c, .wp-block-kadence-advancedheading.kt-adv-heading_c4b3ad-4c[data-kb-block=\"kb-adv-heading_c4b3ad-4c\"]{font-weight:400;font-style:normal;font-family:Roboto;}.wp-block-kadence-advancedheading.kt-adv-heading_c4b3ad-4c mark, .wp-block-kadence-advancedheading.kt-adv-heading_c4b3ad-4c[data-kb-block=\"kb-adv-heading_c4b3ad-4c\"] mark{font-weight:normal;font-style:normal;color:#f76a0c;padding-top:0px;padding-right:0px;padding-bottom:0px;padding-left:0px;}<\/style>\n<h3 class=\"kt-adv-heading_c4b3ad-4c wp-block-kadence-advancedheading has-black-color has-text-color\" data-kb-block=\"kb-adv-heading_c4b3ad-4c\"><span class=\"has-inline-color has-black-color\">J\u00e4seneksi voi liitty\u00e4 kuka tahansa koti- tai ulkomainen henkil\u00f6, joka hyv\u00e4ksyy yhdistyksen tarkoituksen ja haluaa edist\u00e4\u00e4 sit\u00e4. Yhdistyksen hallitus hyv\u00e4ksyy j\u00e4senyysanomukset.<\/span><\/h3>\n\n\n<style>.wp-block-kadence-advancedheading.kt-adv-heading_154f1d-a6, .wp-block-kadence-advancedheading.kt-adv-heading_154f1d-a6[data-kb-block=\"kb-adv-heading_154f1d-a6\"]{font-weight:400;font-style:normal;font-family:Roboto;}.wp-block-kadence-advancedheading.kt-adv-heading_154f1d-a6 mark, .wp-block-kadence-advancedheading.kt-adv-heading_154f1d-a6[data-kb-block=\"kb-adv-heading_154f1d-a6\"] mark{font-weight:normal;font-style:normal;color:#f76a0c;padding-top:0px;padding-right:0px;padding-bottom:0px;padding-left:0px;}<\/style>\n<h3 class=\"kt-adv-heading_154f1d-a6 wp-block-kadence-advancedheading has-black-color has-text-color\" data-kb-block=\"kb-adv-heading_154f1d-a6\"><span class=\"has-inline-color has-black-color\">J\u00e4senmaksua perit\u00e4\u00e4n opiskelijoilta 5 euroa ja muilta 15 euroa vuodessa.<\/span><\/h3>\n\n\n<style>.wp-block-kadence-advancedheading.kt-adv-heading_dda851-bc, .wp-block-kadence-advancedheading.kt-adv-heading_dda851-bc[data-kb-block=\"kb-adv-heading_dda851-bc\"]{font-weight:400;font-style:normal;font-family:Roboto;}.wp-block-kadence-advancedheading.kt-adv-heading_dda851-bc mark, .wp-block-kadence-advancedheading.kt-adv-heading_dda851-bc[data-kb-block=\"kb-adv-heading_dda851-bc\"] mark{font-weight:normal;font-style:normal;color:#f76a0c;padding-top:0px;padding-right:0px;padding-bottom:0px;padding-left:0px;}<\/style>\n<h3 class=\"kt-adv-heading_dda851-bc wp-block-kadence-advancedheading has-black-color has-text-color\" data-kb-block=\"kb-adv-heading_dda851-bc\"><span class=\"has-inline-color has-black-color\">J\u00e4senetuihin kuuluu j\u00e4rjestett\u00e4vien tilaisuuksien lis\u00e4ksi yhdistyksen j\u00e4sentiedote (yleens\u00e4 kahdesti vuodessa) sek\u00e4 mahdollisuus hankkia yhdistyksen julkaisemia teoksia reilusti alennettuun hintaan (yleens\u00e4 50 prosentin alennus normaalihinnasta).<\/span> Julkaisuja voi tilata tapauskohtaisesti, mutta my\u00f6s kestotilaus on mahdollinen. Mainitse kestotilauksesta liittymislomakkeen viestikent\u00e4ss\u00e4.<\/h3>\n\n\n<style>.wp-block-kadence-advancedheading.kt-adv-heading_a6f4d3-26, .wp-block-kadence-advancedheading.kt-adv-heading_a6f4d3-26[data-kb-block=\"kb-adv-heading_a6f4d3-26\"]{font-weight:400;font-style:normal;font-family:Roboto;}.wp-block-kadence-advancedheading.kt-adv-heading_a6f4d3-26 mark, .wp-block-kadence-advancedheading.kt-adv-heading_a6f4d3-26[data-kb-block=\"kb-adv-heading_a6f4d3-26\"] mark{font-style:normal;color:#f76a0c;padding-top:0px;padding-right:0px;padding-bottom:0px;padding-left:0px;}<\/style>\n<h3 class=\"kt-adv-heading_a6f4d3-26 wp-block-kadence-advancedheading has-very-dark-gray-color has-text-color\" data-kb-block=\"kb-adv-heading_a6f4d3-26\">Liittymislomakkeen tietosuojaselosteen l\u00f6yd\u00e4t <a href=\"https:\/\/www.pshy.fi\/?page_id=1271\"><em>t\u00e4\u00e4lt\u00e4<\/em><\/a><\/h3>\n\n\n<div class=\"wpforms-container wpforms-container-full wpforms-block\" id=\"wpforms-984\"><form id=\"wpforms-form-984\" class=\"wpforms-validate wpforms-form\" data-formid=\"984\" method=\"post\" enctype=\"multipart\/form-data\" action=\"\/index.php?rest_route=%2Fwp%2Fv2%2Fpages%2F363\" data-token=\"4bc33d6276b86da52fade0816ca8c6f0\" data-token-time=\"1775990539\"><noscript class=\"wpforms-error-noscript\">Please enable JavaScript in your browser to complete this form.<\/noscript><div class=\"wpforms-field-container\"><div id=\"wpforms-984-field_0-container\" class=\"wpforms-field wpforms-field-name\" data-field-id=\"0\"><label class=\"wpforms-field-label\" for=\"wpforms-984-field_0\">Nimi <span class=\"wpforms-required-label\">*<\/span><\/label><input type=\"text\" id=\"wpforms-984-field_0\" class=\"wpforms-field-medium wpforms-field-required\" name=\"wpforms[fields][0]\" required><\/div><div id=\"wpforms-984-field_7-container\" class=\"wpforms-field wpforms-field-text\" data-field-id=\"7\"><label class=\"wpforms-field-label\" for=\"wpforms-984-field_7\">Katuosoite <span class=\"wpforms-required-label\">*<\/span><\/label><input type=\"text\" id=\"wpforms-984-field_7\" class=\"wpforms-field-medium wpforms-field-required\" name=\"wpforms[fields][7]\" required><\/div><div id=\"wpforms-984-field_1-container\" class=\"wpforms-field wpforms-field-email\" data-field-id=\"1\"><label class=\"wpforms-field-label\" for=\"wpforms-984-field_1\">S\u00e4hk\u00f6posti <span class=\"wpforms-required-label\">*<\/span><\/label><input type=\"email\" id=\"wpforms-984-field_1\" class=\"wpforms-field-medium wpforms-field-required\" name=\"wpforms[fields][1]\" spellcheck=\"false\" required><\/div><div id=\"wpforms-984-field_2-container\" class=\"wpforms-field wpforms-field-textarea\" data-field-id=\"2\"><label class=\"wpforms-field-label\" for=\"wpforms-984-field_2\">Viesti<\/label><textarea id=\"wpforms-984-field_2\" class=\"wpforms-field-medium\" name=\"wpforms[fields][2]\" ><\/textarea><\/div><\/div><!-- .wpforms-field-container --><div class=\"wpforms-submit-container\" ><input type=\"hidden\" name=\"wpforms[id]\" value=\"984\"><input type=\"hidden\" name=\"page_title\" value=\"\"><input type=\"hidden\" name=\"page_url\" value=\"https:\/\/www.pshy.fi\/index.php?rest_route=\/wp\/v2\/pages\/363\"><input type=\"hidden\" name=\"url_referer\" value=\"\"><button type=\"submit\" name=\"wpforms[submit]\" id=\"wpforms-submit-984\" class=\"wpforms-submit color2d454e\" data-alt-text=\"Sending...\" data-submit-text=\"L\u00e4het\u00e4\" aria-live=\"assertive\" value=\"wpforms-submit\">L\u00e4het\u00e4<\/button><\/div><\/form><\/div>  <!-- .wpforms-container -->","protected":false},"excerpt":{"rendered":"<p>LIITY J\u00c4SENEKSI J\u00e4seneksi voi liitty\u00e4 kuka tahansa koti- tai ulkomainen henkil\u00f6, joka hyv\u00e4ksyy yhdistyksen tarkoituksen ja haluaa edist\u00e4\u00e4 sit\u00e4. Yhdistyksen hallitus hyv\u00e4ksyy<\/p>\n<p class=\"link-more\"><a class=\"myButt \" href=\"https:\/\/www.pshy.fi\/?page_id=363\">Read More<\/a><\/p>\n","protected":false},"author":36,"featured_media":0,"parent":0,"menu_order":0,"comment_status":"closed","ping_status":"closed","template":"","meta":{"footnotes":""},"class_list":["post-363","page","type-page","status-publish","hentry"],"_links":{"self":[{"href":"https:\/\/www.pshy.fi\/index.php?rest_route=\/wp\/v2\/pages\/363","targetHints":{"allow":["GET"]}}],"collection":[{"href":"https:\/\/www.pshy.fi\/index.php?rest_route=\/wp\/v2\/pages"}],"about":[{"href":"https:\/\/www.pshy.fi\/index.php?rest_route=\/wp\/v2\/types\/page"}],"author":[{"embeddable":true,"href":"https:\/\/www.pshy.fi\/index.php?rest_route=\/wp\/v2\/users\/36"}],"replies":[{"embeddable":true,"href":"https:\/\/www.pshy.fi\/index.php?rest_route=%2Fwp%2Fv2%2Fcomments&post=363"}],"version-history":[{"count":77,"href":"https:\/\/www.pshy.fi\/index.php?rest_route=\/wp\/v2\/pages\/363\/revisions"}],"predecessor-version":[{"id":1554,"href":"https:\/\/www.pshy.fi\/index.php?rest_route=\/wp\/v2\/pages\/363\/revisions\/1554"}],"wp:attachment":[{"href":"https:\/\/www.pshy.fi\/index.php?rest_route=%2Fwp%2Fv2%2Fmedia&parent=363"}],"curies":[{"name":"wp","href":"https:\/\/api.w.org\/{rel}","templated":true}]}}