                                                 {"id":371,"date":"2021-02-03T16:16:00","date_gmt":"2021-02-03T14:16:00","guid":{"rendered":"https:\/\/www.pshy.fi\/?page_id=371"},"modified":"2026-02-03T16:09:17","modified_gmt":"2026-02-03T14:09:17","slug":"yhteystiedot","status":"publish","type":"page","link":"https:\/\/www.pshy.fi\/?page_id=371","title":{"rendered":""},"content":{"rendered":"<style>.wp-block-kadence-advancedheading.kt-adv-heading371_410cbd-be, .wp-block-kadence-advancedheading.kt-adv-heading371_410cbd-be[data-kb-block=\"kb-adv-heading371_410cbd-be\"]{font-weight:700;font-style:normal;font-family:'Alegreya SC';}.wp-block-kadence-advancedheading.kt-adv-heading371_410cbd-be mark, .wp-block-kadence-advancedheading.kt-adv-heading371_410cbd-be[data-kb-block=\"kb-adv-heading371_410cbd-be\"] mark{font-weight:normal;font-style:normal;color:#f76a0c;padding-top:0px;padding-right:0px;padding-bottom:0px;padding-left:0px;}@media all and (max-width: 1024px){.wp-block-kadence-advancedheading.kt-adv-heading371_410cbd-be, .wp-block-kadence-advancedheading.kt-adv-heading371_410cbd-be[data-kb-block=\"kb-adv-heading371_410cbd-be\"]{font-size:40px;}}@media all and (max-width: 767px){.wp-block-kadence-advancedheading.kt-adv-heading371_410cbd-be, .wp-block-kadence-advancedheading.kt-adv-heading371_410cbd-be[data-kb-block=\"kb-adv-heading371_410cbd-be\"]{font-size:25px;}}<\/style>\n<h1 class=\"kt-adv-heading371_410cbd-be wp-block-kadence-advancedheading\" data-kb-block=\"kb-adv-heading371_410cbd-be\">YHTEYSTIEDOT<\/h1>\n\n\n<style>.wp-block-kadence-advancedheading.kt-adv-heading371_40cdb8-4d, .wp-block-kadence-advancedheading.kt-adv-heading371_40cdb8-4d[data-kb-block=\"kb-adv-heading371_40cdb8-4d\"]{font-weight:400;font-style:normal;font-family:Roboto;}.wp-block-kadence-advancedheading.kt-adv-heading371_40cdb8-4d mark, .wp-block-kadence-advancedheading.kt-adv-heading371_40cdb8-4d[data-kb-block=\"kb-adv-heading371_40cdb8-4d\"] mark{font-weight:normal;font-style:normal;color:#f76a0c;padding-top:0px;padding-right:0px;padding-bottom:0px;padding-left:0px;}<\/style>\n<h3 class=\"kt-adv-heading371_40cdb8-4d wp-block-kadence-advancedheading has-black-color has-text-color\" data-kb-block=\"kb-adv-heading371_40cdb8-4d\"><mark class=\"has-inline-color has-black-color\">Pohjois-Suomen Historiallinen Yhdistys r.y.<br>c\/o HuTK\/Historia<br>PL 1000<br>90014 Oulun<strong> <\/strong>yliopisto<\/mark><br><\/h3>\n\n\n\n<hr class=\"wp-block-separator has-css-opacity is-style-wide\" \/>\n\n\n<style>.wp-block-kadence-advancedheading.kt-adv-heading371_afa7c8-2e, .wp-block-kadence-advancedheading.kt-adv-heading371_afa7c8-2e[data-kb-block=\"kb-adv-heading371_afa7c8-2e\"]{font-weight:400;font-style:normal;font-family:Roboto;}.wp-block-kadence-advancedheading.kt-adv-heading371_afa7c8-2e mark, .wp-block-kadence-advancedheading.kt-adv-heading371_afa7c8-2e[data-kb-block=\"kb-adv-heading371_afa7c8-2e\"] mark{font-weight:normal;font-style:normal;color:#f76a0c;padding-top:0px;padding-right:0px;padding-bottom:0px;padding-left:0px;}<\/style>\n<h3 class=\"kt-adv-heading371_afa7c8-2e wp-block-kadence-advancedheading has-black-color has-text-color\" data-kb-block=\"kb-adv-heading371_afa7c8-2e\"><mark class=\"has-inline-color has-black-color\">Puheenjohtaja Kari Alenius: <strong><em>kari.alenius(at)oulu.fi<\/em><\/strong><\/mark><br><br><mark class=\"has-inline-color has-black-color\">Sihteeri Matti M\u00e4ntyl\u00e4: <em><strong>matti.mantyla(at)oulu.fi<\/strong><\/em><\/mark><\/h3>\n\n\n<style>.wp-block-kadence-advancedheading.kt-adv-heading371_cb9447-c4, .wp-block-kadence-advancedheading.kt-adv-heading371_cb9447-c4[data-kb-block=\"kb-adv-heading371_cb9447-c4\"]{font-weight:400;font-style:normal;font-family:Roboto;}.wp-block-kadence-advancedheading.kt-adv-heading371_cb9447-c4 mark, .wp-block-kadence-advancedheading.kt-adv-heading371_cb9447-c4[data-kb-block=\"kb-adv-heading371_cb9447-c4\"] mark{font-weight:normal;font-style:normal;color:#f76a0c;padding-top:0px;padding-right:0px;padding-bottom:0px;padding-left:0px;}<\/style>\n<h3 class=\"kt-adv-heading371_cb9447-c4 wp-block-kadence-advancedheading has-black-color has-text-color\" data-kb-block=\"kb-adv-heading371_cb9447-c4\"><mark class=\"has-inline-color has-black-color\">Julkaisusihteeri Tuula Okkonen: <strong><em>tuula.okkonen(at)oulu.fi<\/em><\/strong><\/mark><\/h3>\n\n\n<style>.wp-block-kadence-advancedheading.kt-adv-heading371_1ea5de-88, .wp-block-kadence-advancedheading.kt-adv-heading371_1ea5de-88[data-kb-block=\"kb-adv-heading371_1ea5de-88\"]{font-weight:700;font-style:normal;font-family:'Alegreya SC';letter-spacing:0px;}.wp-block-kadence-advancedheading.kt-adv-heading371_1ea5de-88 mark, .wp-block-kadence-advancedheading.kt-adv-heading371_1ea5de-88[data-kb-block=\"kb-adv-heading371_1ea5de-88\"] mark{font-style:normal;color:#f76a0c;padding-top:0px;padding-right:0px;padding-bottom:0px;padding-left:0px;}<\/style>\n<h2 class=\"kt-adv-heading371_1ea5de-88 wp-block-kadence-advancedheading\" data-kb-block=\"kb-adv-heading371_1ea5de-88\">Hallitus 2026<\/h2>\n\n\n<style>.wp-block-kadence-advancedheading.kt-adv-heading371_27a129-89, .wp-block-kadence-advancedheading.kt-adv-heading371_27a129-89[data-kb-block=\"kb-adv-heading371_27a129-89\"]{font-weight:400;font-style:normal;font-family:Roboto;}.wp-block-kadence-advancedheading.kt-adv-heading371_27a129-89 mark, .wp-block-kadence-advancedheading.kt-adv-heading371_27a129-89[data-kb-block=\"kb-adv-heading371_27a129-89\"] mark{font-style:normal;color:#f76a0c;padding-top:0px;padding-right:0px;padding-bottom:0px;padding-left:0px;}<\/style>\n<h3 class=\"kt-adv-heading371_27a129-89 wp-block-kadence-advancedheading has-very-dark-gray-color has-text-color\" data-kb-block=\"kb-adv-heading371_27a129-89\">Kari Alenius, puheenjohtaja<br>Riikka Isoaho-Nousiainen, viestint\u00e4sihteeri<br>Maria Julku<br>Ritva Kylli, varapuheenjohtaja<br>Matti Leivisk\u00e4<br>Matti M\u00e4ntyl\u00e4, sihteeri<br>Henry Oinas-Kukkonen, rahastonhoitaja<br>Tuula Okkonen, julkaisusihteeri<br>Petteri Pietik\u00e4inen<br>Tanja Riekkinen<br><\/h3>\n\n\n\n<p><\/p>\n","protected":false},"excerpt":{"rendered":"<p>YHTEYSTIEDOT Pohjois-Suomen Historiallinen Yhdistys r.y.c\/o HuTK\/HistoriaPL 100090014 Oulun yliopisto Puheenjohtaja Kari Alenius: kari.alenius(at)oulu.fi Sihteeri Matti M\u00e4ntyl\u00e4: matti.mantyla(at)oulu.fi Julkaisusihteeri Tuula Okkonen: tuula.okkonen(at)oulu.fi Hallitus<\/p>\n<p class=\"link-more\"><a class=\"myButt \" href=\"https:\/\/www.pshy.fi\/?page_id=371\">Read More<\/a><\/p>\n","protected":false},"author":36,"featured_media":0,"parent":0,"menu_order":0,"comment_status":"closed","ping_status":"closed","template":"","meta":{"footnotes":""},"class_list":["post-371","page","type-page","status-publish","hentry"],"_links":{"self":[{"href":"https:\/\/www.pshy.fi\/index.php?rest_route=\/wp\/v2\/pages\/371","targetHints":{"allow":["GET"]}}],"collection":[{"href":"https:\/\/www.pshy.fi\/index.php?rest_route=\/wp\/v2\/pages"}],"about":[{"href":"https:\/\/www.pshy.fi\/index.php?rest_route=\/wp\/v2\/types\/page"}],"author":[{"embeddable":true,"href":"https:\/\/www.pshy.fi\/index.php?rest_route=\/wp\/v2\/users\/36"}],"replies":[{"embeddable":true,"href":"https:\/\/www.pshy.fi\/index.php?rest_route=%2Fwp%2Fv2%2Fcomments&post=371"}],"version-history":[{"count":27,"href":"https:\/\/www.pshy.fi\/index.php?rest_route=\/wp\/v2\/pages\/371\/revisions"}],"predecessor-version":[{"id":1865,"href":"https:\/\/www.pshy.fi\/index.php?rest_route=\/wp\/v2\/pages\/371\/revisions\/1865"}],"wp:attachment":[{"href":"https:\/\/www.pshy.fi\/index.php?rest_route=%2Fwp%2Fv2%2Fmedia&parent=371"}],"curies":[{"name":"wp","href":"https:\/\/api.w.org\/{rel}","templated":true}]}}