                                                 {"id":1150,"date":"2021-06-21T14:26:33","date_gmt":"2021-06-21T11:26:33","guid":{"rendered":"https:\/\/www.pshy.fi\/?post_type=product&#038;p=1150"},"modified":"2021-10-02T12:37:05","modified_gmt":"2021-10-02T09:37:05","slug":"faravid-44-2017","status":"publish","type":"product","link":"https:\/\/www.pshy.fi\/?product=faravid-44-2017","title":{"rendered":"Faravid 44\/2017"},"content":{"rendered":"<p>Kirjoittajat ja artikkelit:<\/p>\n<p><em>Tieteelliset artikkelit<\/em><\/p>\n<p>Per-Erik Stenlund, \u00c5bo konvetets byggnder, grundplan<br \/>\noch rumsplacering<\/p>\n<p>Ville Hakam\u00e4ki &amp; Petri Anttonen, Several new Late Iron Age sites<br \/>\nand finds discovered between 2014 and 2016 in Suomussalmi,<br \/>\nnortheast Finland<\/p>\n<p>Anna Kuismin, Hirve\u00e4, kauhea, ihmeellinen. 1800-luvun<br \/>\nkansanihmisten taivas- ja helvettiunet<\/p>\n<p>Olavi K. F\u00e4lt, Western newspapers as a globalisation network<br \/>\nin the 1860s Japan<\/p>\n<p>Chiharu Inaba, The Japanese Recognition of Finland\u2019s Independence in 1919: Japanese Diplomatic Documents on the Independence<\/p>\n<p>Kari Alenius, Kannustava vai varoittava esimerkki, vai v\u00e4h\u00e4p\u00e4t\u00f6inen tapaus? Suomen itsen\u00e4istyminen virolaisessa lehdist\u00f6ss\u00e4 1917<\/p>\n<p>Jarmo Pulkkinen, AIV-menetelm\u00e4n hankalat alkuvaiheet<\/p>\n<p>Jani Alatalo, My\u00f6nteist\u00e4 vai kielteist\u00e4 mielikuvaa rakentamassa \u2013 Oppikirjojen esitt\u00e4m\u00e4t mielikuvat uskonnollisista ryhmist\u00e4<\/p>\n<p><em>Katsaukset<\/em><\/p>\n<p>Timo Sironen &amp; Sirpa Aalto, Iin kirkkoherraksi p\u00e4\u00e4sseen Henrik Filipinpojan anomuskirje paaville v. 1488: emendoitu latinankielinen alkuteksti FMU 4190, suomennos ja filologiset kommentit sek\u00e4 historiallisen kontekstin selvitt\u00e4v\u00e4 kommentaari<\/p>\n","protected":false},"excerpt":{"rendered":"<p>Historian ja arkeologian tutkimuksen aikakauskirja. Journal for Historical and Archaeological Studies.<br \/>\nPohjois-Suomen historiallinen yhdistys r.y., Rovaniemi 2017, 158 s.<\/p>\n","protected":false},"featured_media":1151,"template":"","meta":[],"product_cat":[16],"product_tag":[],"class_list":{"0":"post-1150","1":"product","2":"type-product","3":"status-publish","4":"has-post-thumbnail","6":"product_cat-faravid","8":"first","9":"instock","10":"sale","11":"shipping-taxable","12":"purchasable","13":"product-type-simple"},"_links":{"self":[{"href":"https:\/\/www.pshy.fi\/index.php?rest_route=\/wp\/v2\/product\/1150","targetHints":{"allow":["GET"]}}],"collection":[{"href":"https:\/\/www.pshy.fi\/index.php?rest_route=\/wp\/v2\/product"}],"about":[{"href":"https:\/\/www.pshy.fi\/index.php?rest_route=\/wp\/v2\/types\/product"}],"wp:featuredmedia":[{"embeddable":true,"href":"https:\/\/www.pshy.fi\/index.php?rest_route=\/wp\/v2\/media\/1151"}],"wp:attachment":[{"href":"https:\/\/www.pshy.fi\/index.php?rest_route=%2Fwp%2Fv2%2Fmedia&parent=1150"}],"wp:term":[{"taxonomy":"product_cat","embeddable":true,"href":"https:\/\/www.pshy.fi\/index.php?rest_route=%2Fwp%2Fv2%2Fproduct_cat&post=1150"},{"taxonomy":"product_tag","embeddable":true,"href":"https:\/\/www.pshy.fi\/index.php?rest_route=%2Fwp%2Fv2%2Fproduct_tag&post=1150"}],"curies":[{"name":"wp","href":"https:\/\/api.w.org\/{rel}","templated":true}]}}