                                                 {"id":1152,"date":"2021-06-21T14:29:50","date_gmt":"2021-06-21T11:29:50","guid":{"rendered":"https:\/\/www.pshy.fi\/?post_type=product&#038;p=1152"},"modified":"2021-10-02T12:34:42","modified_gmt":"2021-10-02T09:34:42","slug":"faravid-43-2017","status":"publish","type":"product","link":"https:\/\/www.pshy.fi\/?product=faravid-43-2017","title":{"rendered":"Faravid 43\/2017"},"content":{"rendered":"<p>Kirjoittajat ja artikkelit:<\/p>\n<p><em>Tutkimusartikkelit<\/em><\/p>\n<p>Tiina V\u00e4re, Rosa Vilkama, Sirpa Niinim\u00e4ki, Markku Niskanen, Milton N\u00fa\u00f1ez, Jaakko Niinim\u00e4ki &amp; Juho-Antti Junno, Computed Tomography Analysis of Dental Health of a Northern Finnish Early 17th Century Vicar<\/p>\n<p>Kari Alenius, Arkeologia ja narratiivit virolaisten alkuper\u00e4st\u00e4<\/p>\n<p>Annina Luostarinen &amp; Timo Ylimaunu, Kulttuuriymp\u00e4rist\u00f6 kaavoituksessa \u2013 Arvottaminen kaavasuojelussa Oulun keskustassa 50 vuoden ajalla<\/p>\n<p>Tuuli Koponen &amp; Paula Pelttari, Hiiltyneit\u00e4 hirsi\u00e4 ja kivett\u00f6mi\u00e4 kivikuoppia \u2013 Keminmaan Valmarinniemen keskiaikainen kirkonpaikka<\/p>\n<p>Janne Ik\u00e4heimo, Heli Maijanen &amp; Kirsti Paavola, Keminmaan Valmarinniemen polttohautaukset \u2013 luonne, l\u00f6yd\u00f6t ja konteksti<\/p>\n<p>Janne Ik\u00e4heimo, Valmarinniemen uudet radiohiiliajoitukset ja bayesilaiset ajoitusmallit<\/p>\n<p><em>Katsaukset<\/em><\/p>\n<p>Samuli Helama, Tree-ring investigation of floor beams from the 18th-century church of Ylivieska<\/p>\n","protected":false},"excerpt":{"rendered":"<p>Historian ja arkeologian tutkimuksen aikakauskirja. Journal for Historical and Archaeological Studies.<br \/>\nPohjois-Suomen historiallinen yhdistys r.y., Rovaniemi 2017, 174 s.<\/p>\n","protected":false},"featured_media":1153,"template":"","meta":[],"product_cat":[16],"product_tag":[],"class_list":{"0":"post-1152","1":"product","2":"type-product","3":"status-publish","4":"has-post-thumbnail","6":"product_cat-faravid","8":"first","9":"instock","10":"sale","11":"shipping-taxable","12":"purchasable","13":"product-type-simple"},"_links":{"self":[{"href":"https:\/\/www.pshy.fi\/index.php?rest_route=\/wp\/v2\/product\/1152","targetHints":{"allow":["GET"]}}],"collection":[{"href":"https:\/\/www.pshy.fi\/index.php?rest_route=\/wp\/v2\/product"}],"about":[{"href":"https:\/\/www.pshy.fi\/index.php?rest_route=\/wp\/v2\/types\/product"}],"wp:featuredmedia":[{"embeddable":true,"href":"https:\/\/www.pshy.fi\/index.php?rest_route=\/wp\/v2\/media\/1153"}],"wp:attachment":[{"href":"https:\/\/www.pshy.fi\/index.php?rest_route=%2Fwp%2Fv2%2Fmedia&parent=1152"}],"wp:term":[{"taxonomy":"product_cat","embeddable":true,"href":"https:\/\/www.pshy.fi\/index.php?rest_route=%2Fwp%2Fv2%2Fproduct_cat&post=1152"},{"taxonomy":"product_tag","embeddable":true,"href":"https:\/\/www.pshy.fi\/index.php?rest_route=%2Fwp%2Fv2%2Fproduct_tag&post=1152"}],"curies":[{"name":"wp","href":"https:\/\/api.w.org\/{rel}","templated":true}]}}