                                                 {"id":1155,"date":"2021-06-21T14:34:11","date_gmt":"2021-06-21T11:34:11","guid":{"rendered":"https:\/\/www.pshy.fi\/?post_type=product&#038;p=1155"},"modified":"2021-10-02T12:40:56","modified_gmt":"2021-10-02T09:40:56","slug":"faravid-41-2016","status":"publish","type":"product","link":"https:\/\/www.pshy.fi\/?product=faravid-41-2016","title":{"rendered":"Faravid 41\/2016"},"content":{"rendered":"<p>Kirjoittajat ja artikkelit:<\/p>\n<p><em>Talvisota ja taide -seminaari Oulun yliopistolla 12.12.2014<\/em><\/p>\n<p>Kari Alenius, \u201dJalo puolustustaistelu inhaa it\u00e4\u00e4 vastaan\u201d\u2013 mutta erilaisin painotuksin. Talvisota Suomen ja l\u00e4ntisten maiden pilapiirroksissa<\/p>\n<p>Pekka Kuusisto, Suomalainen sotaromaani nykyaikaa etsim\u00e4ss\u00e4: Kirjallisuuden, kulttuurin ja politiikan moni\u00e4\u00e4nisyyden linjoja talvisodan sotakuvauskilpailussa<\/p>\n<p>Kimmo Laine, Talvisodan pitk\u00e4 matka valkokankaalle<\/p>\n<p>Jorma Mikola, Talvisota ja kuvataiteet<\/p>\n<p>Marja Tuominen, \u201dSairaanhoitajattaren n\u00e4kemyksi\u00e4 ja kokemuksia\u201d Hilkka Kurttilan talvisodan muistojen kirja<\/p>\n<p><em>Tutkimusartikkelit<\/em><\/p>\n<p>Jyrki Outinen, Stories of Otherness? The War-Memoirs of the Finnish Soldiers of the Russo-Turkish War, 1877\u20131878<\/p>\n<p>Tuija Hautala-Hirvioja, Evakkoreissu Ruotsiin \u2013 muistamisen arvoiset kokemukset ja tapahtumat<\/p>\n<p>Tuula Okkonen, Walker Hancock, Monuments Men ja tulkinta kulttuuriperinn\u00f6n suojelusta<\/p>\n","protected":false},"excerpt":{"rendered":"<p>Historian ja arkeologian tutkimuksen aikakauskirja. Journal for Historical and Archaeological Studies.<br \/>\nPohjois-Suomen historiallinen yhdistys r.y., Rovaniemi 2016, 188 s. Mv-kuvitus.<\/p>\n","protected":false},"featured_media":1400,"template":"","meta":[],"product_cat":[16],"product_tag":[],"class_list":{"0":"post-1155","1":"product","2":"type-product","3":"status-publish","4":"has-post-thumbnail","6":"product_cat-faravid","8":"first","9":"instock","10":"sale","11":"shipping-taxable","12":"purchasable","13":"product-type-simple"},"_links":{"self":[{"href":"https:\/\/www.pshy.fi\/index.php?rest_route=\/wp\/v2\/product\/1155","targetHints":{"allow":["GET"]}}],"collection":[{"href":"https:\/\/www.pshy.fi\/index.php?rest_route=\/wp\/v2\/product"}],"about":[{"href":"https:\/\/www.pshy.fi\/index.php?rest_route=\/wp\/v2\/types\/product"}],"wp:featuredmedia":[{"embeddable":true,"href":"https:\/\/www.pshy.fi\/index.php?rest_route=\/wp\/v2\/media\/1400"}],"wp:attachment":[{"href":"https:\/\/www.pshy.fi\/index.php?rest_route=%2Fwp%2Fv2%2Fmedia&parent=1155"}],"wp:term":[{"taxonomy":"product_cat","embeddable":true,"href":"https:\/\/www.pshy.fi\/index.php?rest_route=%2Fwp%2Fv2%2Fproduct_cat&post=1155"},{"taxonomy":"product_tag","embeddable":true,"href":"https:\/\/www.pshy.fi\/index.php?rest_route=%2Fwp%2Fv2%2Fproduct_tag&post=1155"}],"curies":[{"name":"wp","href":"https:\/\/api.w.org\/{rel}","templated":true}]}}