                                                 {"id":1157,"date":"2021-06-21T14:38:25","date_gmt":"2021-06-21T11:38:25","guid":{"rendered":"https:\/\/www.pshy.fi\/?post_type=product&#038;p=1157"},"modified":"2021-10-02T12:19:45","modified_gmt":"2021-10-02T09:19:45","slug":"faravid-39-2015","status":"publish","type":"product","link":"https:\/\/www.pshy.fi\/?product=faravid-39-2015","title":{"rendered":"Faravid 39\/2015"},"content":{"rendered":"<p>Kirjoittajat ja artikkelit:<\/p>\n<p>Tutkimusartikkelit<\/p>\n<p>Ville Hakam\u00e4ki &amp; Janne Ik\u00e4heimo, Iin Illinsaaren Pirttit\u00f6rm\u00e4: asuinpaikka rautakauden ja keskiajan taitteesta<\/p>\n<p>Matti Enbuske, Four common key reasons why peripheral Lapland became the \u2018Land of the Future\u2019 in 18th-century Sweden<\/p>\n<p>Olavi K. F\u00e4lt, Hegemoninen l\u00e4nsi: Japanissa julkaistun l\u00e4nsimaisen<br \/>\nlehdist\u00f6n suhtautuminen l\u00e4nsimaisen tiedon ja oppineisuuden hy\u00f6dynt\u00e4miseen 1870-luvun alun Japanissa<\/p>\n<p>Reijo Valta, Kyytej\u00e4 autolla. Automobiili kyytilaitoksen palveluksessa ennen vuotta 1914<\/p>\n<p>Kari Alenius, \u201dRauhaton ja kehittym\u00e4t\u00f6n\u201d. Balkan suomalaisissa<br \/>\nkoulukirjoissa<\/p>\n<p>Henry Oinas-Kukkonen, Jouni Simil\u00e4, Petri Pulli &amp; Harri Oinas-<br \/>\nKukkonen, ICT Growth Factors in the Far Northern European City of Oulu<\/p>\n<p>Tutkimuskysymykset ja teoriat<\/p>\n<p>Erja Simuna, Using newspapers in historical research<\/p>\n<p>Kirja-arvostelut<\/p>\n<p>Kari Alenius, Ajankohtaista pohdintaa valtio-oppiin ja kansainv\u00e4liseen politiikkaan liittyen \u2013 viroksi<\/p>\n<p>Markus Hiekkanen, Kokonaistutkimus pyh\u00e4st\u00e4 Olavista keskiaikaisessa Turun hiippakunnassa<\/p>\n","protected":false},"excerpt":{"rendered":"<p>Historian ja arkeologian tutkimuksen aikakauskirja. Journal for Historical and Archaeological Studies.<br \/>\nPohjois-Suomen historiallinen yhdistys r.y., Rovaniemi 2015, 141 s. Mv-kuvitus.<\/p>\n","protected":false},"featured_media":1398,"template":"","meta":[],"product_cat":[16],"product_tag":[],"class_list":{"0":"post-1157","1":"product","2":"type-product","3":"status-publish","4":"has-post-thumbnail","6":"product_cat-faravid","8":"first","9":"instock","10":"sale","11":"shipping-taxable","12":"purchasable","13":"product-type-simple"},"_links":{"self":[{"href":"https:\/\/www.pshy.fi\/index.php?rest_route=\/wp\/v2\/product\/1157","targetHints":{"allow":["GET"]}}],"collection":[{"href":"https:\/\/www.pshy.fi\/index.php?rest_route=\/wp\/v2\/product"}],"about":[{"href":"https:\/\/www.pshy.fi\/index.php?rest_route=\/wp\/v2\/types\/product"}],"wp:featuredmedia":[{"embeddable":true,"href":"https:\/\/www.pshy.fi\/index.php?rest_route=\/wp\/v2\/media\/1398"}],"wp:attachment":[{"href":"https:\/\/www.pshy.fi\/index.php?rest_route=%2Fwp%2Fv2%2Fmedia&parent=1157"}],"wp:term":[{"taxonomy":"product_cat","embeddable":true,"href":"https:\/\/www.pshy.fi\/index.php?rest_route=%2Fwp%2Fv2%2Fproduct_cat&post=1157"},{"taxonomy":"product_tag","embeddable":true,"href":"https:\/\/www.pshy.fi\/index.php?rest_route=%2Fwp%2Fv2%2Fproduct_tag&post=1157"}],"curies":[{"name":"wp","href":"https:\/\/api.w.org\/{rel}","templated":true}]}}