                                                 {"id":1408,"date":"2021-10-02T13:18:23","date_gmt":"2021-10-02T10:18:23","guid":{"rendered":"https:\/\/www.pshy.fi\/?post_type=product&#038;p=1408"},"modified":"2021-10-02T13:18:23","modified_gmt":"2021-10-02T10:18:23","slug":"faravid-50-2020","status":"publish","type":"product","link":"https:\/\/www.pshy.fi\/?product=faravid-50-2020","title":{"rendered":"Faravid 50\/2020"},"content":{"rendered":"<p>Kirjoittajat ja artikkelit:<\/p>\n<p><em>Tutkimusartikkelit<\/em><\/p>\n<p>Esko Nevalainen, A Necessary Union with a Powerful but Divided People: The Covenant-Centred British Agenda of the Scottish Covenanters during the British Civil Wars<\/p>\n<p>Kari M\u00e4ki, Provinssin valistusporvareita \u2013 Johan ja Baltzar Fellmanin kirjasto Raahessa 1800-luvulla<\/p>\n<p>Olavi K. F\u00e4lt, Maailma oli jo pieni \u2013 Japanin murros 1865\u20131868 suomalaisessa lehdist\u00f6ss\u00e4<\/p>\n<p>Timo Kapanen, Koittaako vapaus? Unkarin kansannousu 1956 ja vuosien 1957\u20131958 kiristyv\u00e4 kirkkopolitiikka F\u00f6rsamlingsbladet-lehdess\u00e4<\/p>\n<p><em>Katsaukset<\/em><\/p>\n<p>Jouko Vahtola, V\u00e4est\u00f6 ja asutus Suomessa ja Skandinaviassa my\u00f6h\u00e4iskeskiajalla<\/p>\n<p>Juha Kolum\u00e4ki, Hyvinvointivaltion juurilla. Liberaalipuolueet ja sosiaaliliberalismi hyvinvointivaltion perustan luojina<\/p>\n","protected":false},"excerpt":{"rendered":"<p>Faravid &#8211; Historian ja arkeologian tutkimuksen aikakauskirja \/ Journal for Historical and Archaeological Studies. Pohjois-Suomen Historiallinen Yhdistys, Rovaniemi 2020.<\/p>\n","protected":false},"featured_media":1409,"template":"","meta":[],"product_cat":[16],"product_tag":[],"class_list":{"0":"post-1408","1":"product","2":"type-product","3":"status-publish","4":"has-post-thumbnail","6":"product_cat-faravid","8":"first","9":"instock","10":"shipping-taxable","11":"purchasable","12":"product-type-simple"},"_links":{"self":[{"href":"https:\/\/www.pshy.fi\/index.php?rest_route=\/wp\/v2\/product\/1408","targetHints":{"allow":["GET"]}}],"collection":[{"href":"https:\/\/www.pshy.fi\/index.php?rest_route=\/wp\/v2\/product"}],"about":[{"href":"https:\/\/www.pshy.fi\/index.php?rest_route=\/wp\/v2\/types\/product"}],"wp:featuredmedia":[{"embeddable":true,"href":"https:\/\/www.pshy.fi\/index.php?rest_route=\/wp\/v2\/media\/1409"}],"wp:attachment":[{"href":"https:\/\/www.pshy.fi\/index.php?rest_route=%2Fwp%2Fv2%2Fmedia&parent=1408"}],"wp:term":[{"taxonomy":"product_cat","embeddable":true,"href":"https:\/\/www.pshy.fi\/index.php?rest_route=%2Fwp%2Fv2%2Fproduct_cat&post=1408"},{"taxonomy":"product_tag","embeddable":true,"href":"https:\/\/www.pshy.fi\/index.php?rest_route=%2Fwp%2Fv2%2Fproduct_tag&post=1408"}],"curies":[{"name":"wp","href":"https:\/\/api.w.org\/{rel}","templated":true}]}}