                                                 {"id":1871,"date":"2026-04-07T22:07:19","date_gmt":"2026-04-07T19:07:19","guid":{"rendered":"https:\/\/www.pshy.fi\/?post_type=product&#038;p=1871"},"modified":"2026-04-28T21:17:27","modified_gmt":"2026-04-28T18:17:27","slug":"naisten-oulu-pohjoisen-kaupungin-historiaa","status":"publish","type":"product","link":"https:\/\/www.pshy.fi\/?product=naisten-oulu-pohjoisen-kaupungin-historiaa","title":{"rendered":"Naisten Oulu. Pohjoisen kaupungin historiaa"},"content":{"rendered":"<p><em>Naisten Oulu. Pohjoisen kaupungin historiaa<\/em> syvent\u00e4\u00e4 ja uudistaa Oulua koskevaa historiallista tutkimusta. Tarkastelun kohteena on joukko oululaisia eri el\u00e4m\u00e4nalueilla vaikuttaneita naisia, joiden t\u00e4rke\u00e4, mutta usein n\u00e4kym\u00e4tt\u00f6m\u00e4ksi j\u00e4\u00e4nyt ty\u00f6 halutaan t\u00e4m\u00e4n kirjan my\u00f6t\u00e4 nostaa kaupungin kollektiiviseen muistiin. Kirjan kirjoittajat tarkastelevat eri toimintakenttien edell\u00e4k\u00e4vij\u00e4naisten roolia Oulun kaupungin kehitt\u00e4misess\u00e4 1800-luvulta 2000-luvulle. Mukana on kulttuurin el\u00e4v\u00f6itt\u00e4ji\u00e4, sosiaality\u00f6n uranuurtajia, liike-el\u00e4m\u00e4n toimijoita, tieteentekij\u00f6it\u00e4 sek\u00e4 yhteiskunnallisia vaikuttajia. Huomiota kiinnitet\u00e4\u00e4n my\u00f6s naisten j\u00e4tt\u00e4miin j\u00e4lkiin kaupunkitilassa sek\u00e4 niihin j\u00e4nnitteisiin, joita naisten toiminta on her\u00e4tt\u00e4nyt. Teos kutsuu lukijaansa pohtimaan, kenen historia muistetaan ja mik\u00e4 merkitys historialla on niin naisten kuin kaupungin identiteetin rakentumisessa.<\/p>\n","protected":false},"excerpt":{"rendered":"<p>Riikka Isoaho-Nousiainen ja Tiina Kinnunen (toim.)<\/p>\n<p>Studia Historica Septentrionalia 97<\/p>\n<p>Pohjois-Suomen Historiallinen Yhdistys, Rovaniemi 2026, 328 s.<\/p>\n<p><strong>HUOM! Teoksen 1. painos on t\u00e4ll\u00e4 hetkell\u00e4 suuren kysynn\u00e4n vuoksi loppuunmyyty, mutta uusi painos on tulossa. Arvioitu toimitusp\u00e4iv\u00e4 13.5.2026. Pahoittelemme viivett\u00e4!<\/strong><\/p>\n","protected":false},"featured_media":1872,"template":"","meta":[],"product_cat":[18],"product_tag":[],"class_list":{"0":"post-1871","1":"product","2":"type-product","3":"status-publish","4":"has-post-thumbnail","6":"product_cat-studia-historica-septentrionalia","8":"first","9":"instock","10":"shipping-taxable","11":"purchasable","12":"product-type-simple"},"_links":{"self":[{"href":"https:\/\/www.pshy.fi\/index.php?rest_route=\/wp\/v2\/product\/1871","targetHints":{"allow":["GET"]}}],"collection":[{"href":"https:\/\/www.pshy.fi\/index.php?rest_route=\/wp\/v2\/product"}],"about":[{"href":"https:\/\/www.pshy.fi\/index.php?rest_route=\/wp\/v2\/types\/product"}],"wp:featuredmedia":[{"embeddable":true,"href":"https:\/\/www.pshy.fi\/index.php?rest_route=\/wp\/v2\/media\/1872"}],"wp:attachment":[{"href":"https:\/\/www.pshy.fi\/index.php?rest_route=%2Fwp%2Fv2%2Fmedia&parent=1871"}],"wp:term":[{"taxonomy":"product_cat","embeddable":true,"href":"https:\/\/www.pshy.fi\/index.php?rest_route=%2Fwp%2Fv2%2Fproduct_cat&post=1871"},{"taxonomy":"product_tag","embeddable":true,"href":"https:\/\/www.pshy.fi\/index.php?rest_route=%2Fwp%2Fv2%2Fproduct_tag&post=1871"}],"curies":[{"name":"wp","href":"https:\/\/api.w.org\/{rel}","templated":true}]}}