                                                 {"id":1876,"date":"2026-04-07T22:17:14","date_gmt":"2026-04-07T19:17:14","guid":{"rendered":"https:\/\/www.pshy.fi\/?post_type=product&#038;p=1876"},"modified":"2026-04-07T22:17:14","modified_gmt":"2026-04-07T19:17:14","slug":"faravid-56-2025","status":"publish","type":"product","link":"https:\/\/www.pshy.fi\/?product=faravid-56-2025","title":{"rendered":"Faravid 56\/2025"},"content":{"rendered":"<p><strong>Antiikki ja sen j\u00e4lkivaikutus (Teemanumero \/ Special Issue)<\/strong><\/p>\n<p><strong><em>Sis\u00e4llys \/ Contents<\/em><\/strong><\/p>\n<p><em>Johdanto \/ Introduction<\/em><\/p>\n<p>Jaakkojuhani Peltonen &amp; Jussi Rantala, Introduction<\/p>\n<p><em>Tutkimusartikkelit \/ Original Research<\/em><\/p>\n<p>Antti Lampinen, Fecundity and ferocity of the European peoples: The reception of two classical topoi in the Res Germanicae (1531) of Beatus Rhenanus<\/p>\n<p>Juhana Heikonen, Nordic Classicism and Helsinki\u2019s Housing \u2013 Agencies of the Individual Housing Companies and Architects on the Grand Tour in the Post-Civil War Period<\/p>\n<p>Nikolai Paukkonen, Pohjolan Sparta ja \u201dThermopylai joka p\u00e4iv\u00e4.\u201d Spartan j\u00e4lkivaikutus Suomessa<\/p>\n<p>Visa Helenius, Lucretius\u2019 Atomism as an Ideological Forerunner of Modern Astronomy<\/p>\n<p>Jussi Rantala, Kaaos hallitsee. Hesiodoksen Theogonia ja kreikkalainen black metal<\/p>\n<p>Jaakkojuhani Peltonen, \u201cPythagoras, Ptolemy, Socrates these people are thieves\u201d: Afrocentrism and Classical Past in Rap Music<\/p>\n<p>Maria Jokela, Hyv\u00e4 j\u00e4tk\u00e4 ku Caligula \u2013 antiikin representaatioita suomenkielisess\u00e4 rap-lyriikassa<\/p>\n<p>Samuli Simelius, Images of inequality: AI created depictions of ancient social stratification<\/p>\n<p><em>Katsaukset \/ Review Articles<\/em><\/p>\n<p>Timo Sironen, Antiikintutkimuksesta Oulun yliopistossa vuosina 1972\u20132024<\/p>\n<p><em>Keskustelua \/ Discussion<\/em><\/p>\n<p>Markku Ruotsila, Valheita Trumpin Amerikasta \u2013 vastine kirja-arvioon<\/p>\n","protected":false},"excerpt":{"rendered":"<p>Antiikki ja sen j\u00e4lkivaikutus -teemanumero. <\/p>\n<p>Toim. Jaakkojuhani Peltonen, Jussi Rantala ja Matti M\u00e4ntyl\u00e4<\/p>\n<p>Pohjois-Suomen Historiallinen Yhdistys, Rovaniemi 2025, 183 s.<\/p>\n","protected":false},"featured_media":1877,"template":"","meta":[],"product_cat":[16],"product_tag":[],"class_list":{"0":"post-1876","1":"product","2":"type-product","3":"status-publish","4":"has-post-thumbnail","6":"product_cat-faravid","8":"first","9":"instock","10":"shipping-taxable","11":"purchasable","12":"product-type-simple"},"_links":{"self":[{"href":"https:\/\/www.pshy.fi\/index.php?rest_route=\/wp\/v2\/product\/1876","targetHints":{"allow":["GET"]}}],"collection":[{"href":"https:\/\/www.pshy.fi\/index.php?rest_route=\/wp\/v2\/product"}],"about":[{"href":"https:\/\/www.pshy.fi\/index.php?rest_route=\/wp\/v2\/types\/product"}],"wp:featuredmedia":[{"embeddable":true,"href":"https:\/\/www.pshy.fi\/index.php?rest_route=\/wp\/v2\/media\/1877"}],"wp:attachment":[{"href":"https:\/\/www.pshy.fi\/index.php?rest_route=%2Fwp%2Fv2%2Fmedia&parent=1876"}],"wp:term":[{"taxonomy":"product_cat","embeddable":true,"href":"https:\/\/www.pshy.fi\/index.php?rest_route=%2Fwp%2Fv2%2Fproduct_cat&post=1876"},{"taxonomy":"product_tag","embeddable":true,"href":"https:\/\/www.pshy.fi\/index.php?rest_route=%2Fwp%2Fv2%2Fproduct_tag&post=1876"}],"curies":[{"name":"wp","href":"https:\/\/api.w.org\/{rel}","templated":true}]}}