                                                 {"id":1879,"date":"2026-04-07T22:23:25","date_gmt":"2026-04-07T19:23:25","guid":{"rendered":"https:\/\/www.pshy.fi\/?post_type=product&#038;p=1879"},"modified":"2026-04-07T22:23:25","modified_gmt":"2026-04-07T19:23:25","slug":"faravid-57-2025","status":"publish","type":"product","link":"https:\/\/www.pshy.fi\/?product=faravid-57-2025","title":{"rendered":"Faravid 57\/2025"},"content":{"rendered":"<p><strong><em>Sis\u00e4llys \/ Contents<\/em><\/strong><\/p>\n<p><em>Tutkimusartikkelit \/ Original Research<\/em><\/p>\n<p>Matti Leivisk\u00e4, N\u00e4lk\u00e4vuodet Oulun l\u00e4\u00e4niss\u00e4, Haapaj\u00e4rven kihlakunnassa ja K\u00e4rs\u00e4m\u00e4en ja Reisj\u00e4rven seurakunnissa 1860-luvulla<\/p>\n<p>Juha Haavisto, The Interplay between Non-human Animals and Modernising Forestry in Finland during 1910s<\/p>\n<p>Jopi Nyman, Godfrey Greene and Sebastian Cabot: An English Lecturer and His Dog in Helsinki in the 1930s<\/p>\n<p>Ritva Kylli, Henri Wallen, Leena Rantamaula &amp; Juha Saunavaara, \u201dOnhan t\u00e4m\u00e4 nyt mukavaa, kun on kotonta yhteys suureen maailmaan\u201d \u2013 Lapin asukkaiden puhelimeen liitt\u00e4m\u00e4t toiveet, huolet ja odotukset 1900-luvulla<\/p>\n<p><em>Katsaukset \/ Review Articles<\/em><\/p>\n<p>Petteri Impola, Juho-Antti Junno &amp; Titta Kallio-Sepp\u00e4, The Death Seat of two Russian soldiers \u2013 Folklore from the Great Wrath<\/p>\n<p>Olavi K. F\u00e4lt, Britain and the Russian threat<\/p>\n","protected":false},"excerpt":{"rendered":"<p>Pohjois-Suomen Historiallinen Yhdistys, Rovaniemi 2025, 133 s.<\/p>\n","protected":false},"featured_media":1878,"template":"","meta":[],"product_cat":[16],"product_tag":[],"class_list":{"0":"post-1879","1":"product","2":"type-product","3":"status-publish","4":"has-post-thumbnail","6":"product_cat-faravid","8":"first","9":"instock","10":"shipping-taxable","11":"purchasable","12":"product-type-simple"},"_links":{"self":[{"href":"https:\/\/www.pshy.fi\/index.php?rest_route=\/wp\/v2\/product\/1879","targetHints":{"allow":["GET"]}}],"collection":[{"href":"https:\/\/www.pshy.fi\/index.php?rest_route=\/wp\/v2\/product"}],"about":[{"href":"https:\/\/www.pshy.fi\/index.php?rest_route=\/wp\/v2\/types\/product"}],"wp:featuredmedia":[{"embeddable":true,"href":"https:\/\/www.pshy.fi\/index.php?rest_route=\/wp\/v2\/media\/1878"}],"wp:attachment":[{"href":"https:\/\/www.pshy.fi\/index.php?rest_route=%2Fwp%2Fv2%2Fmedia&parent=1879"}],"wp:term":[{"taxonomy":"product_cat","embeddable":true,"href":"https:\/\/www.pshy.fi\/index.php?rest_route=%2Fwp%2Fv2%2Fproduct_cat&post=1879"},{"taxonomy":"product_tag","embeddable":true,"href":"https:\/\/www.pshy.fi\/index.php?rest_route=%2Fwp%2Fv2%2Fproduct_tag&post=1879"}],"curies":[{"name":"wp","href":"https:\/\/api.w.org\/{rel}","templated":true}]}}